{"id":7308,"date":"2024-10-02T10:00:07","date_gmt":"2024-10-02T16:00:07","guid":{"rendered":"https:\/\/guatecana.com.gt\/conocenos\/historia\/"},"modified":"2025-12-21T21:48:49","modified_gmt":"2025-12-22T03:48:49","slug":"history","status":"publish","type":"page","link":"https:\/\/www.guatecana.com\/en\/get-to-know-us\/history\/","title":{"rendered":"History"},"content":{"rendered":"\n\n    \n\n\n  \n    \n\n\n\n    \n\n\n<section  class=\"custom-block block-hero-banner font-large \" style=\"background-image: url(https:\/\/www.guatecana.com\/wp-content\/uploads\/2025\/12\/1920x600_Conocenos_Historia.webp); background-size: cover; background-position: center; \">\n\n\n    \n    <div class=\"  container  hero-container\">\n        <div class=\"row \">\n            <div class=\"col-md-12 py-5 text-center\">\n\n                                \n\n                                    <h1 class=\"hero-title\">The legacy of<br\/> sugar cane in Guatemala<\/h1>\n                                \n                                \n                            <\/div>\n\n\n            \n        <\/div>\n    <\/div>\n<\/section>\n\n\n\n    \n<section  class=\"custom-block block-image-and-text aa font-light\" style=\"background-color: #084f88;  \">\n    <div class=\"container \">\n                    <!-- Stack layout: Image on top, Content below -->\n            <div class=\"row\">\n                <div class=\"col-12 text-start\">\n                    \n                    \n                    \n                                            <div class=\"content\">\n                            <h2 style=\"text-align: center;\"><span class=\"TextRun MacChromeBold SCXW22455697 BCX0\" lang=\"EN-US\" xml:lang=\"EN-US\" data-contrast=\"auto\"><span class=\"NormalTextRun SCXW22455697 BCX0\">Five Centuries of History<\/span><\/span><\/h2>\n<p style=\"text-align: center;\"><span class=\"TextRun SCXW86541450 BCX0\" lang=\"EN-US\" xml:lang=\"EN-US\" data-contrast=\"auto\"><span class=\"NormalTextRun SCXW86541450 BCX0\">The history of sugar cane in Guatemala <\/span><span class=\"NormalTextRun SCXW86541450 BCX0\">dates to<\/span><span class=\"NormalTextRun SCXW86541450 BCX0\"> the 16th <\/span><span class=\"NormalTextRun SCXW86541450 BCX0\">century, when<\/span><span class=\"NormalTextRun SCXW86541450 BCX0\"> Christopher Columbus brought the first plants to the new continent. Originally from Southeast Asia, sugar cane was already mentioned in Indian records of 1000 B.C. However, it was not until methods were discovered to transform their juice into granulated crystals that sugar began to gain relevance.<\/span><\/span><span class=\"EOP SCXW86541450 BCX0\" data-ccp-props=\"{&quot;335551550&quot;:6,&quot;335551620&quot;:6}\">\u00a0<\/span><\/p>\n\n                        <\/div>\n                                                        <\/div>\n            <\/div>\n            <\/div>\n<\/section>\n\n\n    \n    \n\n\n                    \n\n\n<section  class=\"custom-block block-basic-content-columns historia-contenido text-dark\" style=\"\">\n    \n    <div class=\"container\">\n                    <div class=\"row text-justify\">\n                \n                \n                                                                      \n                                \n                    <div class=\" mb-sm-2 col-md-6 \"> \n                                                    <div class=\"wrapper-image\">\n                                <img decoding=\"async\" src=\"https:\/\/www.guatecana.com\/wp-content\/uploads\/2024\/10\/historia-canadeazucar2_.jpg\" alt=\" #Guateca\u00f1a #ca\u00f1adeazucar #agroindustria #SomosGentedeCa\u00f1a #sostenibilidad #desarrollo #historiadelaCa\u00f1a\" class=\"block-image\">\n                            <\/div>\n                                                \n                        \n\n\n\n                                                \n                    <\/div>\n                \n                \n                                                                      \n                                \n                    <div class=\" mb-sm-2 col-md-6 \"> \n                                                \n                                                    <div class=\"wysiwyg-content\"  > \n\n\n\n                                                                \n\n                                \n                                                                \n                                                                        <div class=\"column-content text-justify font-dark\">\n                                        <p><span class=\"TextRun SCXW257452393 BCX0\" lang=\"EN-US\" xml:lang=\"EN-US\" data-contrast=\"auto\"><span class=\"NormalTextRun SCXW257452393 BCX0\">In Guatemala, sugar cane was grown by hand since the 16th century, and by 1587 there were already several trapiches in the valley of Guatemala. That same year, the municipality of Santiago <\/span><span class=\"NormalTextRun SCXW257452393 BCX0\">established<\/span><span class=\"NormalTextRun SCXW257452393 BCX0\"> the ordinances of the guild of sugar makers, <\/span><span class=\"NormalTextRun SCXW257452393 BCX0\">consolidating<\/span><span class=\"NormalTextRun SCXW257452393 BCX0\"> production in the region. The first mill was documented in 1591, marking the beginning of an industry that would evolve significantly over time.<\/span><\/span><span class=\"EOP SCXW257452393 BCX0\" data-ccp-props=\"{&quot;335551550&quot;:6,&quot;335551620&quot;:6}\">\u00a0<\/span><\/p>\n\n                                        \n                                                                            <\/div>\n                                                                                        \n                                                              \n                            <\/div>\n                        \n\n\n\n                                                \n                    <\/div>\n                            <\/div>\n                    <div class=\"row text-justify\">\n                \n                \n                                                                      \n                                \n                    <div class=\" mb-sm-2 col-md-6 \"> \n                                                    <div class=\"wrapper-image\">\n                                <img decoding=\"async\" src=\"https:\/\/www.guatecana.com\/wp-content\/uploads\/2024\/10\/historia-canadeazucar1_.jpg\" alt=\"Hombres finqueros de ca\u00f1a de az\u00facar \" class=\"block-image\">\n                            <\/div>\n                                                \n                        \n\n\n\n                                                \n                    <\/div>\n                \n                \n                                                                      \n                                \n                    <div class=\" mb-sm-2 col-md-6 \"> \n                                                    <div class=\"wrapper-image\">\n                                <img decoding=\"async\" src=\"https:\/\/www.guatecana.com\/wp-content\/uploads\/2024\/10\/historia-canadeazucar3_.jpg\" alt=\"Historia ca\u00f1a de az\u00facar \" class=\"block-image\">\n                            <\/div>\n                                                \n                        \n\n\n\n                                                \n                    <\/div>\n                            <\/div>\n            <\/div>\n<\/section>\n\n\n    \n\n<section  class=\"custom-block block-image-and-text historia-contenido aa \" style=\" \">\n    <div class=\"container \">\n                    <!-- Stack layout: Image on top, Content below -->\n            <div class=\"row\">\n                <div class=\"col-12 text-center\">\n                    \n                    \n                    \n                                            <div class=\"content\">\n                            <p><span class=\"TextRun SCXW168778196 BCX0\" lang=\"EN-US\" xml:lang=\"EN-US\" data-contrast=\"auto\"><span class=\"NormalTextRun SCXW168778196 BCX0\">The \u201cSugar Consortium\u201d was founded <\/span><span class=\"NormalTextRun SCXW168778196 BCX0\">on<\/span><span class=\"NormalTextRun SCXW168778196 BCX0\"> December 17, 1937, at a time when exports accounted for only 13% of production. Then, on September 17, 1957, the <\/span><span class=\"NormalTextRun SCXW168778196 BCX0\">Association of Sugar Producers of Guatemala<\/span>\u00a0<span class=\"NormalTextRun SCXW168778196 BCX0\">&#8211;<\/span><span class=\"NormalTextRun SpellingErrorV2Themed SCXW168778196 BCX0\">Asazgua<\/span><span class=\"NormalTextRun SCXW168778196 BCX0\">&#8211; was created, which became the cornerstone for the development and growth of the Sugar Cane Agroindustry in the country.<\/span><\/span><span class=\"EOP SCXW168778196 BCX0\" data-ccp-props=\"{&quot;335551550&quot;:6,&quot;335551620&quot;:6}\">\u00a0<\/span><\/p>\n\n                        <\/div>\n                                                        <\/div>\n            <\/div>\n            <\/div>\n<\/section>\n\n\n    \n    \n\n\n                    \n\n\n<section  class=\"custom-block block-basic-content-columns wrapper-500 pb-0 text-light\" style=\"\">\n    \n    <div class=\"container\">\n                    <div class=\"row text-justify\">\n                \n                \n                                                                      \n                                \n                    <div class=\" mb-sm-2 col-md-6 \"> \n                                                \n                                                    <div class=\"wysiwyg-content\"  > \n\n\n\n                                                                \n\n                                \n                                                                \n                                                                        <div class=\"column-content text-justify font-light\">\n                                        <div class=\"hoy\"><span class=\"TextRun SCXW41448645 BCX0\" lang=\"EN-US\" xml:lang=\"EN-US\" data-contrast=\"auto\"><span class=\"NormalTextRun SCXW41448645 BCX0\">Today<\/span><\/span>, <span class=\"TextRun SCXW41448645 BCX0\" lang=\"EN-US\" xml:lang=\"EN-US\" data-contrast=\"auto\"><span class=\"NormalTextRun SCXW41448645 BCX0\">after more than<\/span><\/span><\/div>\n<div class=\"hoy-500\"><span class=\"TextRun SCXW41448645 BCX0\" lang=\"EN-US\" xml:lang=\"EN-US\" data-contrast=\"auto\"><span class=\"NormalTextRun SCXW41448645 BCX0\">500 years<\/span><\/span><br \/>\n<span class=\"TextRun SCXW41448645 BCX0\" lang=\"EN-US\" xml:lang=\"EN-US\" data-contrast=\"auto\"><span class=\"NormalTextRun SCXW41448645 BCX0\">of history<\/span><\/span><\/div>\n<div><\/div>\n\n                                        \n                                                                            <\/div>\n                                                                                        \n                                                              \n                            <\/div>\n                        \n\n\n\n                                                \n                    <\/div>\n                \n                \n                                                                      \n                                \n                    <div class=\" mb-sm-2 col-md-6 \"> \n                                                \n                                                    <div class=\"wysiwyg-content\"  > \n\n\n\n                                                                \n\n                                \n                                                                \n                                                                        <div class=\"column-content text-justify font-light\">\n                                        <p><span class=\"NormalTextRun SCXW12924751 BCX0\">Guatemala has moved from modest trapiches to modern factories with <\/span><span class=\"NormalTextRun SCXW12924751 BCX0\">cutting-edge<\/span><span class=\"NormalTextRun SCXW12924751 BCX0\"> technology. In more than six decades, the sector has positioned itself globally for its quality, <\/span><span class=\"NormalTextRun SCXW12924751 BCX0\">efficiency<\/span><span class=\"NormalTextRun SCXW12924751 BCX0\"> and innovation, being the sixth largest sugar exporter globally, the third largest in Latin America and the third largest in the world. In addition, the industry generates 52,000 direct jobs and 250,000 indirect jobs, making it the fifth most exported product in the country, with foreign currencies exceeding 800 million dollars annually.<\/span><\/p>\n\n                                        \n                                                                            <\/div>\n                                                                                        \n                                                              \n                            <\/div>\n                        \n\n\n\n                                                \n                    <\/div>\n                            <\/div>\n            <\/div>\n<\/section>\n\n\n        \n\n\n\n<section  class=\"custom-block block-image-block img-100 image-center\" style=\"\">\n    <div class=\"container\">\n        <!-- Title centered above the image -->\n        \n        <div class=\"row\">\n            <div class=\"col  text-center \">\n                <img decoding=\"async\" src=\"https:\/\/www.guatecana.com\/wp-content\/uploads\/2024\/10\/historia_guatecana.jpg\" alt=\"\" class=\"block-image\">\n                                    <p class=\"image-caption\"><p><span class=\"TextRun SCXW15066785 BCX0\" lang=\"EN-US\" xml:lang=\"EN-US\" data-contrast=\"auto\"><span class=\"NormalTextRun SCXW15066785 BCX0\">This global success has been the result of a long journey of vision and transformation. Today, the Sugar Cane Agroindustry not only sweetens the lives of millions of people in the world, but also promotes development in Guatemala, promoting conditions of decent employment and social welfare for all.<\/span><\/span><span class=\"EOP SCXW15066785 BCX0\" data-ccp-props=\"{&quot;335551550&quot;:6,&quot;335551620&quot;:6}\">\u00a0<\/span><\/p>\n<\/p>\n                \n                            <\/div>\n        <\/div>\n    <\/div>\n<\/section>","protected":false},"excerpt":{"rendered":"","protected":false},"author":1,"featured_media":7047,"parent":7304,"menu_order":0,"comment_status":"closed","ping_status":"closed","template":"","meta":{"_acf_changed":false,"inline_featured_image":false,"footnotes":""},"class_list":["post-7308","page","type-page","status-publish","has-post-thumbnail","hentry"],"acf":[],"yoast_head":"<!-- This site is optimized with the Yoast SEO plugin v26.7 - https:\/\/yoast.com\/wordpress\/plugins\/seo\/ -->\n<title>History - GUATECA\u00d1A<\/title>\n<meta name=\"description\" content=\"Sugar in Guatemala has evolved since the 16th century into a modern agroindustry and one of the world&#039;s leading exporters.\" \/>\n<meta name=\"robots\" content=\"index, follow, max-snippet:-1, max-image-preview:large, max-video-preview:-1\" \/>\n<link rel=\"canonical\" href=\"https:\/\/www.guatecana.com\/en\/get-to-know-us\/history\/\" \/>\n<script type=\"application\/ld+json\" class=\"yoast-schema-graph\">{\"@context\":\"https:\/\/schema.org\",\"@graph\":[{\"@type\":\"WebPage\",\"@id\":\"https:\/\/www.guatecana.com\/en\/get-to-know-us\/history\/\",\"url\":\"https:\/\/www.guatecana.com\/en\/get-to-know-us\/history\/\",\"name\":\"History - GUATECA\u00d1A\",\"isPartOf\":{\"@id\":\"https:\/\/www.guatecana.com\/en\/#website\"},\"primaryImageOfPage\":{\"@id\":\"https:\/\/www.guatecana.com\/en\/get-to-know-us\/history\/#primaryimage\"},\"image\":{\"@id\":\"https:\/\/www.guatecana.com\/en\/get-to-know-us\/history\/#primaryimage\"},\"thumbnailUrl\":\"https:\/\/www.guatecana.com\/wp-content\/uploads\/2024\/10\/guatecana-historia-img-2.jpg\",\"datePublished\":\"2024-10-02T16:00:07+00:00\",\"dateModified\":\"2025-12-22T03:48:49+00:00\",\"description\":\"Sugar in Guatemala has evolved since the 16th century into a modern agroindustry and one of the world's leading exporters.\",\"breadcrumb\":{\"@id\":\"https:\/\/www.guatecana.com\/en\/get-to-know-us\/history\/#breadcrumb\"},\"inLanguage\":\"en-US\",\"potentialAction\":[{\"@type\":\"ReadAction\",\"target\":[\"https:\/\/www.guatecana.com\/en\/get-to-know-us\/history\/\"]}]},{\"@type\":\"ImageObject\",\"inLanguage\":\"en-US\",\"@id\":\"https:\/\/www.guatecana.com\/en\/get-to-know-us\/history\/#primaryimage\",\"url\":\"https:\/\/www.guatecana.com\/wp-content\/uploads\/2024\/10\/guatecana-historia-img-2.jpg\",\"contentUrl\":\"https:\/\/www.guatecana.com\/wp-content\/uploads\/2024\/10\/guatecana-historia-img-2.jpg\",\"width\":459,\"height\":457},{\"@type\":\"BreadcrumbList\",\"@id\":\"https:\/\/www.guatecana.com\/en\/get-to-know-us\/history\/#breadcrumb\",\"itemListElement\":[{\"@type\":\"ListItem\",\"position\":1,\"name\":\"Portada\",\"item\":\"https:\/\/guatecana.com\/en\/\"},{\"@type\":\"ListItem\",\"position\":2,\"name\":\"Get to know us\",\"item\":\"https:\/\/guatecana.com\/en\/get-to-know-us\/\"},{\"@type\":\"ListItem\",\"position\":3,\"name\":\"History\"}]},{\"@type\":\"WebSite\",\"@id\":\"https:\/\/www.guatecana.com\/en\/#website\",\"url\":\"https:\/\/www.guatecana.com\/en\/\",\"name\":\"GUATECA\u00d1A\",\"description\":\"GUATECA\u00d1A\",\"publisher\":{\"@id\":\"https:\/\/www.guatecana.com\/en\/#organization\"},\"alternateName\":\"guatecana.com\",\"potentialAction\":[{\"@type\":\"SearchAction\",\"target\":{\"@type\":\"EntryPoint\",\"urlTemplate\":\"https:\/\/www.guatecana.com\/en\/?s={search_term_string}\"},\"query-input\":{\"@type\":\"PropertyValueSpecification\",\"valueRequired\":true,\"valueName\":\"search_term_string\"}}],\"inLanguage\":\"en-US\"},{\"@type\":\"Organization\",\"@id\":\"https:\/\/www.guatecana.com\/en\/#organization\",\"name\":\"GUATECA\u00d1A\",\"url\":\"https:\/\/www.guatecana.com\/en\/\",\"logo\":{\"@type\":\"ImageObject\",\"inLanguage\":\"en-US\",\"@id\":\"https:\/\/www.guatecana.com\/en\/#\/schema\/logo\/image\/\",\"url\":\"https:\/\/168.232.78.227\/wp-content\/uploads\/2024\/10\/logo.svg\",\"contentUrl\":\"https:\/\/168.232.78.227\/wp-content\/uploads\/2024\/10\/logo.svg\",\"width\":423,\"height\":79,\"caption\":\"GUATECA\u00d1A\"},\"image\":{\"@id\":\"https:\/\/www.guatecana.com\/en\/#\/schema\/logo\/image\/\"},\"sameAs\":[\"https:\/\/www.facebook.com\/guatecana.gt\/\",\"https:\/\/x.com\/AsazguaGT\"]}]}<\/script>\n<!-- \/ Yoast SEO plugin. -->","yoast_head_json":{"title":"History - GUATECA\u00d1A","description":"Sugar in Guatemala has evolved since the 16th century into a modern agroindustry and one of the world's leading exporters.","robots":{"index":"index","follow":"follow","max-snippet":"max-snippet:-1","max-image-preview":"max-image-preview:large","max-video-preview":"max-video-preview:-1"},"canonical":"https:\/\/www.guatecana.com\/en\/get-to-know-us\/history\/","schema":{"@context":"https:\/\/schema.org","@graph":[{"@type":"WebPage","@id":"https:\/\/www.guatecana.com\/en\/get-to-know-us\/history\/","url":"https:\/\/www.guatecana.com\/en\/get-to-know-us\/history\/","name":"History - GUATECA\u00d1A","isPartOf":{"@id":"https:\/\/www.guatecana.com\/en\/#website"},"primaryImageOfPage":{"@id":"https:\/\/www.guatecana.com\/en\/get-to-know-us\/history\/#primaryimage"},"image":{"@id":"https:\/\/www.guatecana.com\/en\/get-to-know-us\/history\/#primaryimage"},"thumbnailUrl":"https:\/\/www.guatecana.com\/wp-content\/uploads\/2024\/10\/guatecana-historia-img-2.jpg","datePublished":"2024-10-02T16:00:07+00:00","dateModified":"2025-12-22T03:48:49+00:00","description":"Sugar in Guatemala has evolved since the 16th century into a modern agroindustry and one of the world's leading exporters.","breadcrumb":{"@id":"https:\/\/www.guatecana.com\/en\/get-to-know-us\/history\/#breadcrumb"},"inLanguage":"en-US","potentialAction":[{"@type":"ReadAction","target":["https:\/\/www.guatecana.com\/en\/get-to-know-us\/history\/"]}]},{"@type":"ImageObject","inLanguage":"en-US","@id":"https:\/\/www.guatecana.com\/en\/get-to-know-us\/history\/#primaryimage","url":"https:\/\/www.guatecana.com\/wp-content\/uploads\/2024\/10\/guatecana-historia-img-2.jpg","contentUrl":"https:\/\/www.guatecana.com\/wp-content\/uploads\/2024\/10\/guatecana-historia-img-2.jpg","width":459,"height":457},{"@type":"BreadcrumbList","@id":"https:\/\/www.guatecana.com\/en\/get-to-know-us\/history\/#breadcrumb","itemListElement":[{"@type":"ListItem","position":1,"name":"Portada","item":"https:\/\/guatecana.com\/en\/"},{"@type":"ListItem","position":2,"name":"Get to know us","item":"https:\/\/guatecana.com\/en\/get-to-know-us\/"},{"@type":"ListItem","position":3,"name":"History"}]},{"@type":"WebSite","@id":"https:\/\/www.guatecana.com\/en\/#website","url":"https:\/\/www.guatecana.com\/en\/","name":"GUATECA\u00d1A","description":"GUATECA\u00d1A","publisher":{"@id":"https:\/\/www.guatecana.com\/en\/#organization"},"alternateName":"guatecana.com","potentialAction":[{"@type":"SearchAction","target":{"@type":"EntryPoint","urlTemplate":"https:\/\/www.guatecana.com\/en\/?s={search_term_string}"},"query-input":{"@type":"PropertyValueSpecification","valueRequired":true,"valueName":"search_term_string"}}],"inLanguage":"en-US"},{"@type":"Organization","@id":"https:\/\/www.guatecana.com\/en\/#organization","name":"GUATECA\u00d1A","url":"https:\/\/www.guatecana.com\/en\/","logo":{"@type":"ImageObject","inLanguage":"en-US","@id":"https:\/\/www.guatecana.com\/en\/#\/schema\/logo\/image\/","url":"https:\/\/168.232.78.227\/wp-content\/uploads\/2024\/10\/logo.svg","contentUrl":"https:\/\/168.232.78.227\/wp-content\/uploads\/2024\/10\/logo.svg","width":423,"height":79,"caption":"GUATECA\u00d1A"},"image":{"@id":"https:\/\/www.guatecana.com\/en\/#\/schema\/logo\/image\/"},"sameAs":["https:\/\/www.facebook.com\/guatecana.gt\/","https:\/\/x.com\/AsazguaGT"]}]}},"_links":{"self":[{"href":"https:\/\/www.guatecana.com\/en\/wp-json\/wp\/v2\/pages\/7308","targetHints":{"allow":["GET"]}}],"collection":[{"href":"https:\/\/www.guatecana.com\/en\/wp-json\/wp\/v2\/pages"}],"about":[{"href":"https:\/\/www.guatecana.com\/en\/wp-json\/wp\/v2\/types\/page"}],"author":[{"embeddable":true,"href":"https:\/\/www.guatecana.com\/en\/wp-json\/wp\/v2\/users\/1"}],"replies":[{"embeddable":true,"href":"https:\/\/www.guatecana.com\/en\/wp-json\/wp\/v2\/comments?post=7308"}],"version-history":[{"count":6,"href":"https:\/\/www.guatecana.com\/en\/wp-json\/wp\/v2\/pages\/7308\/revisions"}],"predecessor-version":[{"id":13888,"href":"https:\/\/www.guatecana.com\/en\/wp-json\/wp\/v2\/pages\/7308\/revisions\/13888"}],"up":[{"embeddable":true,"href":"https:\/\/www.guatecana.com\/en\/wp-json\/wp\/v2\/pages\/7304"}],"wp:featuredmedia":[{"embeddable":true,"href":"https:\/\/www.guatecana.com\/en\/wp-json\/wp\/v2\/media\/7047"}],"wp:attachment":[{"href":"https:\/\/www.guatecana.com\/en\/wp-json\/wp\/v2\/media?parent=7308"}],"curies":[{"name":"wp","href":"https:\/\/api.w.org\/{rel}","templated":true}]}}