{"id":7324,"date":"2024-09-08T15:44:51","date_gmt":"2024-09-08T21:44:51","guid":{"rendered":"https:\/\/guatecana.com.gt\/sostenibilidad\/"},"modified":"2025-12-21T21:58:53","modified_gmt":"2025-12-22T03:58:53","slug":"sustainability","status":"publish","type":"page","link":"https:\/\/www.guatecana.com\/en\/sustainability\/","title":{"rendered":"Sustainability"},"content":{"rendered":"\n    \n    \n\n\n  \n    \n\n\n\n    \n\n\n<section  class=\"custom-block block-hero-banner hero-sostenibilidad font-medium \" style=\"background-image: url(https:\/\/www.guatecana.com\/wp-content\/uploads\/2024\/10\/Cuidado-de-Canaveral_-1-min.png); background-size: cover; background-position: center; \">\n\n\n    \n    <div class=\"  container  hero-container\">\n        <div class=\"row \">\n            <div class=\"col-md-12 py-5 text-center\">\n\n                                \n\n                                    <h1 class=\"hero-title\">\u201cThe best thing we can do for the world is to ensure that today\u2019s cane harvests yield tomorrow\u2019s well-being\u201d<\/h1>\n                                \n                                \n                            <\/div>\n\n\n            \n        <\/div>\n    <\/div>\n<\/section>\n\n\n\n    \n    \n\n                    \n\n\n<section  class=\"custom-block block-basic-content-columns text-light\" style=\"background-color: #084f88; \">\n    \n    <div class=\"container\">\n                    <div class=\"row text-justify\">\n                \n                \n                                                                      \n                                \n                    <div class=\" mb-sm-2 col-md-6 \"> \n                                                    <div class=\"wrapper-image\">\n                                <img decoding=\"async\" src=\"https:\/\/www.guatecana.com\/wp-content\/uploads\/2024\/10\/Rectangle-34-min.png\" alt=\"Riego de agua en ca\u00f1averal\" class=\"block-image\">\n                            <\/div>\n                                                \n                        \n\n\n\n                                                \n                    <\/div>\n                \n                \n                                                                      \n                                \n                    <div class=\" mb-sm-2 col-md-6 \"> \n                                                \n                                                    <div class=\"wysiwyg-content\"  > \n\n\n\n                                                                \n\n                                \n                                                                \n                                                                        <div class=\"column-content text-justify font-light\">\n                                        <p><span data-olk-copy-source=\"MessageBody\">In Guatemala&#8217;s Sugarcane Agroindustry, we present our <strong>2023-2033 Sustainability Strategy<\/strong>. This strategy is focused on creating sustainable value and ensuring that today\u2019s actions sow the seeds of tomorrow\u2019s well-being. We are committed to leading positive change in the agroindustry, guided by the values of <strong>harmony, integrity, and solidarity<\/strong>.<\/span><\/p>\n\n                                        \n                                                                            <\/div>\n                                                                                        \n                                                              \n                            <\/div>\n                        \n\n\n\n                                                \n                    <\/div>\n                            <\/div>\n            <\/div>\n<\/section>\n\n\n    \n    \n<section  class=\"custom-block block-image-and-text font-light font-xl aa font-dark\" style=\"background-color: #084f88;  \">\n    <div class=\"container \">\n                    <!-- Stack layout: Image on top, Content below -->\n            <div class=\"row\">\n                <div class=\"col-12 text-center\">\n                    \n                    \n                    \n                                            <div class=\"content\">\n                            <p style=\"text-align: center;\"><span class=\"TextRun SCXW124442054 BCX0\" lang=\"EN-US\" xml:lang=\"EN-US\" data-contrast=\"auto\"><span class=\"NormalTextRun SCXW124442054 BCX0\">Our sustainability strategy is <\/span><\/span><br \/>\n<span class=\"TextRun SCXW124442054 BCX0\" lang=\"EN-US\" xml:lang=\"EN-US\" data-contrast=\"auto\"><span class=\"NormalTextRun SCXW124442054 BCX0\">developed through commitments in three<\/span><\/span><br \/>\n<span class=\"TextRun SCXW124442054 BCX0\" lang=\"EN-US\" xml:lang=\"EN-US\" data-contrast=\"auto\"><span class=\"NormalTextRun SCXW124442054 BCX0\">\u00a0fundamental areas:<\/span><\/span><\/p>\n<p style=\"text-align: center;\"><span class=\"TextRun SCXW124442054 BCX0\" lang=\"EN-US\" xml:lang=\"EN-US\" data-contrast=\"auto\"><span class=\"NormalTextRun SCXW124442054 BCX0\">\u00a0<\/span><\/span><span class=\"EOP SCXW124442054 BCX0\" data-ccp-props=\"{&quot;335551550&quot;:6,&quot;335551620&quot;:6}\">\u00a0<\/span><\/p>\n\n                        <\/div>\n                                                        <\/div>\n            <\/div>\n            <\/div>\n<\/section>\n\n\n\n<section  class=\"custom-block block-two-alternating-columns\">\n\n    <div class=\"fluid-container\">\n                    <div class=\"row flex-row  font-green\">\n                <div class=\"col-md-6 col-12\">\n                    <img decoding=\"async\" src=\"https:\/\/www.guatecana.com\/wp-content\/uploads\/2024\/12\/compromiso-ambiental-guatecana-scaled-min.jpg\" alt=\"\" class=\"img-fluid w-100\">\n                <\/div>\n                <div class=\"col-md-6 d-flex align-items-center col-12 color-columns\">\n                    <div class=\"content text-center\">\n                                                    <img decoding=\"async\" src=\"https:\/\/www.guatecana.com\/wp-content\/uploads\/2024\/10\/compromiso-ambiental-color-min.png\" alt=\"\" class=\"icon mb-3\">\n                                                <h2>Environmental Commitment<\/h2>\n                        <div class=\"content-text\">\n                            <p style=\"text-align: center;\"><span class=\"NormalTextRun SCXW220454611 BCX0\"><span data-olk-copy-source=\"MessageBody\">We are committed to preserving and protecting<br \/>\n<\/span><\/span>the environment by implementing sustainable practices on<br \/>\n<span class=\"NormalTextRun SCXW220454611 BCX0\"><span data-olk-copy-source=\"MessageBody\">water, air and land throughout the production chain<\/span><\/span><span class=\"NormalTextRun SCXW220454611 BCX0\">.<\/span><\/p>\n<p style=\"text-align: center;\">\n\n                        <\/div>\n                                                    <a href=\"\/en\/sustainability\/environmental-commitment\/\" class=\"btn btn-primary\">Learn More<\/a>\n                                            <\/div>\n                <\/div>\n            <\/div>\n                    <div class=\"row flex-row-reverse  font-blue\">\n                <div class=\"col-md-6 col-12\">\n                    <img decoding=\"async\" src=\"https:\/\/www.guatecana.com\/wp-content\/uploads\/2024\/12\/compromiso-social-scaled-min.jpg\" alt=\"\" class=\"img-fluid w-100\">\n                <\/div>\n                <div class=\"col-md-6 d-flex align-items-center col-12 color-columns\">\n                    <div class=\"content text-center\">\n                                                    <img decoding=\"async\" src=\"https:\/\/www.guatecana.com\/wp-content\/uploads\/2024\/10\/compromismo-social-color-min.png\" alt=\"\" class=\"icon mb-3\">\n                                                <h2>Social Commitment<\/h2>\n                        <div class=\"content-text\">\n                            <p style=\"text-align: center;\"><span class=\"NormalTextRun SCXW195057761 BCX0\">We are committed to contributing to the improvement of the<\/span><br \/>\n<span class=\"NormalTextRun SCXW195057761 BCX0\">\u00a0quality of life of communities and collaborators through<\/span><br \/>\n<span class=\"NormalTextRun SCXW195057761 BCX0\">\u00a0education, <\/span><span class=\"NormalTextRun SCXW195057761 BCX0\">health<\/span><span class=\"NormalTextRun SCXW195057761 BCX0\"> and social development programs, <\/span><br \/>\n<span class=\"NormalTextRun SCXW195057761 BCX0\">promoting fair working conditions and comprehensive well-being<\/span><br \/>\n<span class=\"NormalTextRun SCXW195057761 BCX0\">\u00a0of people, <\/span><span class=\"NormalTextRun SCXW195057761 BCX0\">communities<\/span><span class=\"NormalTextRun SCXW195057761 BCX0\"> and the country.<\/span><\/p>\n\n                        <\/div>\n                                                    <a href=\"\/en\/sustainability\/social-commitment\/\" class=\"btn btn-primary\">Learn more<\/a>\n                                            <\/div>\n                <\/div>\n            <\/div>\n                    <div class=\"row flex-row  font-pink\">\n                <div class=\"col-md-6 col-12\">\n                    <img decoding=\"async\" src=\"https:\/\/www.guatecana.com\/wp-content\/uploads\/2024\/12\/compromiso-etico-scaled-min.jpg\" alt=\"\" class=\"img-fluid w-100\">\n                <\/div>\n                <div class=\"col-md-6 d-flex align-items-center col-12 color-columns\">\n                    <div class=\"content text-center\">\n                                                    <img decoding=\"async\" src=\"https:\/\/www.guatecana.com\/wp-content\/uploads\/2024\/10\/compromiso-etico-color-min.png\" alt=\"\" class=\"icon mb-3\">\n                                                <h2>Ethical Commitment<\/h2>\n                        <div class=\"content-text\">\n                            <p style=\"text-align: center;\"><span class=\"TextRun SCXW226622147 BCX0\" lang=\"EN-US\" xml:lang=\"EN-US\" data-contrast=\"auto\"><span class=\"NormalTextRun SCXW226622147 BCX0\">We adopt the highest standards of ethics and transparency<\/span><\/span><br \/>\n<span class=\"TextRun SCXW226622147 BCX0\" lang=\"EN-US\" xml:lang=\"EN-US\" data-contrast=\"auto\"><span class=\"NormalTextRun SCXW226622147 BCX0\">\u00a0in all our operations, ensuring that our business practices <\/span><\/span><br \/>\n<span class=\"TextRun SCXW226622147 BCX0\" lang=\"EN-US\" xml:lang=\"EN-US\" data-contrast=\"auto\"><span class=\"NormalTextRun SCXW226622147 BCX0\">are responsible and aligned with the principles<\/span><\/span><br \/>\n<span class=\"TextRun SCXW226622147 BCX0\" lang=\"EN-US\" xml:lang=\"EN-US\" data-contrast=\"auto\"><span class=\"NormalTextRun SCXW226622147 BCX0\">of integrity, respect for human rights and fight\u00a0<\/span><\/span><br \/>\n<span class=\"TextRun SCXW226622147 BCX0\" lang=\"EN-US\" xml:lang=\"EN-US\" data-contrast=\"auto\"><span class=\"NormalTextRun SCXW226622147 BCX0\">against corruption.<\/span><\/span><\/p>\n\n                        <\/div>\n                                                    <a href=\"\/en\/sustainability\/ethical-commitment\/\" class=\"btn btn-primary\">Learn more<\/a>\n                                            <\/div>\n                <\/div>\n            <\/div>\n            <\/div>\n<\/section>\n\n\n\n    \n    \n\n                    \n\n\n<section  class=\"custom-block block-basic-content-columns text-dark\" style=\"background-color: #e6f8ff; \">\n    \n    <div class=\"container\">\n                    <div class=\"row text-justify\">\n                \n                \n                                                                      \n                                \n                    <div class=\" mb-sm-2 col-md-6 \"> \n                                                    <div class=\"wrapper-image\">\n                                <img decoding=\"async\" src=\"https:\/\/www.guatecana.com\/wp-content\/uploads\/2024\/10\/Rectangle-34-1-min.png\" alt=\"Estrategia de sostenibilidad\" class=\"block-image\">\n                            <\/div>\n                                                \n                        \n\n\n\n                                                \n                    <\/div>\n                \n                \n                                                                      \n                                \n                    <div class=\" mb-sm-2 col-md-6 \"> \n                                                \n                                                    <div class=\"wysiwyg-content\"  > \n\n\n\n                                                                \n\n                                \n                                                                \n                                                                        <div class=\"column-content text-justify font-dark\">\n                                        <p><span class=\"TextRun SCXW139571123 BCX0\" lang=\"EN-US\" xml:lang=\"EN-US\" data-contrast=\"auto\"><span class=\"NormalTextRun SCXW139571123 BCX0\">Our Sustainability Strategy 2023-2033 is intended to <\/span><span class=\"NormalTextRun SCXW139571123 BCX0\">consolidate<\/span><span class=\"NormalTextRun SCXW139571123 BCX0\"> the Sugar Cane Agroindustry of Guatemala as a model of sustainable development, recognized both nationally and internationally. Through our actions, we yearn to contribute <\/span><span class=\"NormalTextRun ContextualSpellingAndGrammarErrorV2Themed SCXW139571123 BCX0\">with<\/span><span class=\"NormalTextRun SCXW139571123 BCX0\"> the well-being of future generations.<\/span><\/span><span class=\"EOP SCXW139571123 BCX0\" data-ccp-props=\"{&quot;335551550&quot;:6,&quot;335551620&quot;:6}\">\u00a0<\/span><\/p>\n\n                                        \n                                                                            <\/div>\n                                                                                        \n                                                              \n                            <\/div>\n                        \n\n\n\n                                                \n                    <\/div>\n                            <\/div>\n            <\/div>\n<\/section>","protected":false},"excerpt":{"rendered":"","protected":false},"author":1,"featured_media":0,"parent":0,"menu_order":0,"comment_status":"closed","ping_status":"closed","template":"","meta":{"_acf_changed":false,"inline_featured_image":false,"footnotes":""},"class_list":["post-7324","page","type-page","status-publish","hentry"],"acf":[],"yoast_head":"<!-- This site is optimized with the Yoast SEO plugin v26.7 - https:\/\/yoast.com\/wordpress\/plugins\/seo\/ -->\n<title>Sustainability - GUATECA\u00d1A<\/title>\n<meta name=\"description\" content=\"Estrategia de Sostenibilidad 2023-2033 de la Agroindustria de la Ca\u00f1a en Guatemala: energ\u00eda renovable y bienestar para un futuro sostenible.\" \/>\n<meta name=\"robots\" content=\"index, follow, max-snippet:-1, max-image-preview:large, max-video-preview:-1\" \/>\n<link rel=\"canonical\" href=\"https:\/\/www.guatecana.com\/en\/sustainability\/\" \/>\n<script type=\"application\/ld+json\" class=\"yoast-schema-graph\">{\"@context\":\"https:\/\/schema.org\",\"@graph\":[{\"@type\":\"WebPage\",\"@id\":\"https:\/\/www.guatecana.com\/en\/sustainability\/\",\"url\":\"https:\/\/www.guatecana.com\/en\/sustainability\/\",\"name\":\"Sustainability - GUATECA\u00d1A\",\"isPartOf\":{\"@id\":\"https:\/\/www.guatecana.com\/en\/#website\"},\"datePublished\":\"2024-09-08T21:44:51+00:00\",\"dateModified\":\"2025-12-22T03:58:53+00:00\",\"description\":\"Estrategia de Sostenibilidad 2023-2033 de la Agroindustria de la Ca\u00f1a en Guatemala: energ\u00eda renovable y bienestar para un futuro sostenible.\",\"breadcrumb\":{\"@id\":\"https:\/\/www.guatecana.com\/en\/sustainability\/#breadcrumb\"},\"inLanguage\":\"en-US\",\"potentialAction\":[{\"@type\":\"ReadAction\",\"target\":[\"https:\/\/www.guatecana.com\/en\/sustainability\/\"]}]},{\"@type\":\"BreadcrumbList\",\"@id\":\"https:\/\/www.guatecana.com\/en\/sustainability\/#breadcrumb\",\"itemListElement\":[{\"@type\":\"ListItem\",\"position\":1,\"name\":\"Portada\",\"item\":\"https:\/\/guatecana.com\/en\/\"},{\"@type\":\"ListItem\",\"position\":2,\"name\":\"Sustainability\"}]},{\"@type\":\"WebSite\",\"@id\":\"https:\/\/www.guatecana.com\/en\/#website\",\"url\":\"https:\/\/www.guatecana.com\/en\/\",\"name\":\"GUATECA\u00d1A\",\"description\":\"GUATECA\u00d1A\",\"publisher\":{\"@id\":\"https:\/\/www.guatecana.com\/en\/#organization\"},\"alternateName\":\"guatecana.com\",\"potentialAction\":[{\"@type\":\"SearchAction\",\"target\":{\"@type\":\"EntryPoint\",\"urlTemplate\":\"https:\/\/www.guatecana.com\/en\/?s={search_term_string}\"},\"query-input\":{\"@type\":\"PropertyValueSpecification\",\"valueRequired\":true,\"valueName\":\"search_term_string\"}}],\"inLanguage\":\"en-US\"},{\"@type\":\"Organization\",\"@id\":\"https:\/\/www.guatecana.com\/en\/#organization\",\"name\":\"GUATECA\u00d1A\",\"url\":\"https:\/\/www.guatecana.com\/en\/\",\"logo\":{\"@type\":\"ImageObject\",\"inLanguage\":\"en-US\",\"@id\":\"https:\/\/www.guatecana.com\/en\/#\/schema\/logo\/image\/\",\"url\":\"https:\/\/168.232.78.227\/wp-content\/uploads\/2024\/10\/logo.svg\",\"contentUrl\":\"https:\/\/168.232.78.227\/wp-content\/uploads\/2024\/10\/logo.svg\",\"width\":423,\"height\":79,\"caption\":\"GUATECA\u00d1A\"},\"image\":{\"@id\":\"https:\/\/www.guatecana.com\/en\/#\/schema\/logo\/image\/\"},\"sameAs\":[\"https:\/\/www.facebook.com\/guatecana.gt\/\",\"https:\/\/x.com\/AsazguaGT\"]}]}<\/script>\n<!-- \/ Yoast SEO plugin. -->","yoast_head_json":{"title":"Sustainability - GUATECA\u00d1A","description":"Estrategia de Sostenibilidad 2023-2033 de la Agroindustria de la Ca\u00f1a en Guatemala: energ\u00eda renovable y bienestar para un futuro sostenible.","robots":{"index":"index","follow":"follow","max-snippet":"max-snippet:-1","max-image-preview":"max-image-preview:large","max-video-preview":"max-video-preview:-1"},"canonical":"https:\/\/www.guatecana.com\/en\/sustainability\/","schema":{"@context":"https:\/\/schema.org","@graph":[{"@type":"WebPage","@id":"https:\/\/www.guatecana.com\/en\/sustainability\/","url":"https:\/\/www.guatecana.com\/en\/sustainability\/","name":"Sustainability - GUATECA\u00d1A","isPartOf":{"@id":"https:\/\/www.guatecana.com\/en\/#website"},"datePublished":"2024-09-08T21:44:51+00:00","dateModified":"2025-12-22T03:58:53+00:00","description":"Estrategia de Sostenibilidad 2023-2033 de la Agroindustria de la Ca\u00f1a en Guatemala: energ\u00eda renovable y bienestar para un futuro sostenible.","breadcrumb":{"@id":"https:\/\/www.guatecana.com\/en\/sustainability\/#breadcrumb"},"inLanguage":"en-US","potentialAction":[{"@type":"ReadAction","target":["https:\/\/www.guatecana.com\/en\/sustainability\/"]}]},{"@type":"BreadcrumbList","@id":"https:\/\/www.guatecana.com\/en\/sustainability\/#breadcrumb","itemListElement":[{"@type":"ListItem","position":1,"name":"Portada","item":"https:\/\/guatecana.com\/en\/"},{"@type":"ListItem","position":2,"name":"Sustainability"}]},{"@type":"WebSite","@id":"https:\/\/www.guatecana.com\/en\/#website","url":"https:\/\/www.guatecana.com\/en\/","name":"GUATECA\u00d1A","description":"GUATECA\u00d1A","publisher":{"@id":"https:\/\/www.guatecana.com\/en\/#organization"},"alternateName":"guatecana.com","potentialAction":[{"@type":"SearchAction","target":{"@type":"EntryPoint","urlTemplate":"https:\/\/www.guatecana.com\/en\/?s={search_term_string}"},"query-input":{"@type":"PropertyValueSpecification","valueRequired":true,"valueName":"search_term_string"}}],"inLanguage":"en-US"},{"@type":"Organization","@id":"https:\/\/www.guatecana.com\/en\/#organization","name":"GUATECA\u00d1A","url":"https:\/\/www.guatecana.com\/en\/","logo":{"@type":"ImageObject","inLanguage":"en-US","@id":"https:\/\/www.guatecana.com\/en\/#\/schema\/logo\/image\/","url":"https:\/\/168.232.78.227\/wp-content\/uploads\/2024\/10\/logo.svg","contentUrl":"https:\/\/168.232.78.227\/wp-content\/uploads\/2024\/10\/logo.svg","width":423,"height":79,"caption":"GUATECA\u00d1A"},"image":{"@id":"https:\/\/www.guatecana.com\/en\/#\/schema\/logo\/image\/"},"sameAs":["https:\/\/www.facebook.com\/guatecana.gt\/","https:\/\/x.com\/AsazguaGT"]}]}},"_links":{"self":[{"href":"https:\/\/www.guatecana.com\/en\/wp-json\/wp\/v2\/pages\/7324","targetHints":{"allow":["GET"]}}],"collection":[{"href":"https:\/\/www.guatecana.com\/en\/wp-json\/wp\/v2\/pages"}],"about":[{"href":"https:\/\/www.guatecana.com\/en\/wp-json\/wp\/v2\/types\/page"}],"author":[{"embeddable":true,"href":"https:\/\/www.guatecana.com\/en\/wp-json\/wp\/v2\/users\/1"}],"replies":[{"embeddable":true,"href":"https:\/\/www.guatecana.com\/en\/wp-json\/wp\/v2\/comments?post=7324"}],"version-history":[{"count":9,"href":"https:\/\/www.guatecana.com\/en\/wp-json\/wp\/v2\/pages\/7324\/revisions"}],"predecessor-version":[{"id":13895,"href":"https:\/\/www.guatecana.com\/en\/wp-json\/wp\/v2\/pages\/7324\/revisions\/13895"}],"wp:attachment":[{"href":"https:\/\/www.guatecana.com\/en\/wp-json\/wp\/v2\/media?parent=7324"}],"curies":[{"name":"wp","href":"https:\/\/api.w.org\/{rel}","templated":true}]}}