{"id":7347,"date":"2024-10-05T17:16:09","date_gmt":"2024-10-05T23:16:09","guid":{"rendered":"https:\/\/guatecana.com.gt\/productos-de-la-cana\/azucar\/"},"modified":"2026-02-26T08:26:38","modified_gmt":"2026-02-26T14:26:38","slug":"sugar","status":"publish","type":"page","link":"https:\/\/www.guatecana.com\/en\/cane-products\/sugar\/","title":{"rendered":"Sugar"},"content":{"rendered":"\n    \n    \n\n\n  \n    \n\n\n\n    \n\n\n<section  class=\"custom-block block-hero-banner no-text-shadow font-large \" style=\"background-image: url(https:\/\/www.guatecana.com\/wp-content\/uploads\/2024\/10\/azucar-morena-min.jpg); background-size: cover; background-position: center; \">\n\n\n    \n    <div class=\"  container  hero-container\">\n        <div class=\"row \">\n            <div class=\"col-md-12 py-5 text-start\">\n\n                                    <div class=\"hero-icon\">\n                        <img decoding=\"async\" src=\"https:\/\/www.guatecana.com\/wp-content\/uploads\/2024\/10\/icon-azucar-banner.svg\" alt=\"\">\n                    <\/div>                    \n                                \n\n                                    <h1 class=\"hero-title\">Sugar Production <\/h1>\n                                \n                                \n                            <\/div>\n\n\n            \n        <\/div>\n    <\/div>\n<\/section>\n\n\n\n    \n<section  class=\"custom-block block-image-and-text aa font-dark\" style=\"background-color: #084f88;  \">\n    <div class=\"container \">\n                    <!-- Stack layout: Image on top, Content below -->\n            <div class=\"row\">\n                <div class=\"col-12 text-start\">\n                    \n                    \n                    \n                                            <div class=\"content\">\n                            <p style=\"text-align: center;\"><strong><span style=\"color: #fff; font-size: 28px;\"><span class=\"NormalTextRun SCXW216788151 BCX0\">During <\/span><span class=\"NormalTextRun SCXW216788151 BCX0\">Zafra [Harvest<\/span><span class=\"NormalTextRun SCXW216788151 BCX0\">] <\/span><span class=\"NormalTextRun SCXW216788151 BCX0\">2024\/25, Guatemalan mills achieved a total production of<\/span> launa producci\u00f3n of <\/span><\/strong><strong><span style=\"color: #b9d613; font-size: 28px;\"><span class=\"TextRun SCXW93872284 BCX0\" lang=\"EN-US\" xml:lang=\"EN-US\" data-contrast=\"auto\"><span class=\"NormalTextRun SCXW93872284 BCX0\">2,620,692 metric tons of sugar.<\/span><\/span><\/span><\/strong><\/p>\n\n                        <\/div>\n                                                        <\/div>\n            <\/div>\n            <\/div>\n<\/section>\n\n\n\n    \n<section  class=\"custom-block block-image-and-text aa font-dark\" style=\"background-color: #ffffff;  \">\n    <div class=\"container \">\n                    <!-- Stack layout: Image on top, Content below -->\n            <div class=\"row\">\n                <div class=\"col-12 text-start\">\n                                            <img decoding=\"async\" src=\"https:\/\/www.guatecana.com\/wp-content\/uploads\/2024\/10\/el-azucar-min.png\" alt=\"\" class=\"img-fluid mb-4\">\n                    \n                    \n                    \n                                                                <div class=\"cta\">\n                            <a href=\"https:\/\/www.youtube.com\/watch?v=SoOqMIDn1Wk\" target=\"\" class=\"btn btn-secondary\">Video <\/a>\n                        <\/div>\n                                    <\/div>\n            <\/div>\n            <\/div>\n<\/section>\n\n\n    \n    \n\n\n  \n    \n\n\n\n    \n\n\n<section  class=\"custom-block block-hero-banner content-half h-dark-blue no-text-shadow font-dark font-medium \" style=\"background-image: url(https:\/\/www.guatecana.com\/wp-content\/uploads\/2024\/10\/wall-blue-trans.png); background-size: cover; background-position: center; \">\n\n\n    \n    <div class=\"  container  hero-container\">\n        <div class=\"row \">\n            <div class=\"col-md-12 py-5 text-justify\">\n\n                                    <div class=\"hero-icon\">\n                        <img decoding=\"async\" src=\"https:\/\/www.guatecana.com\/wp-content\/uploads\/2024\/10\/icon-azucar-trans.svg\" alt=\"\">\n                    <\/div>                    \n                                \n\n                                    <h1 class=\"hero-title\">About production<\/h1>\n                                \n                                    <div class=\"hero-content \">\n                        <p><span data-contrast=\"auto\">About 40% remains in the country for domestic consumption and is fortified with vitamin A to fight childhood blindness and with iron to prevent anemia, thus contributing to health and food security of Guatemalan children.\u00a0<\/span><span data-ccp-props=\"{&quot;335551550&quot;:6,&quot;335551620&quot;:6}\">\u00a0<\/span><\/p>\n\n                    <\/div>\n                                \n                            <\/div>\n\n\n            \n        <\/div>\n    <\/div>\n<\/section>\n\n\n\n    \n    \n\n                    \n\n\n<section  class=\"custom-block block-basic-content-columns text-dark\" style=\"background-color: #ffffff; \">\n    \n    <div class=\"container\">\n                    <div class=\"row text-start\">\n                \n                \n                                                                      \n                                \n                    <div class=\" mb-sm-2 col-md-6 \"> \n                                                    <div class=\"wrapper-image\">\n                                <img decoding=\"async\" src=\"https:\/\/www.guatecana.com\/wp-content\/uploads\/2026\/02\/Carga_eslingas_.png\" alt=\"Carga de sacos de az\u00facar con eslingas\" class=\"block-image\">\n                            <\/div>\n                                                \n                        \n\n\n\n                                                \n                    <\/div>\n                \n                \n                                                                      \n                                \n                    <div class=\" mb-sm-2 col-md-6 \"> \n                                                \n                                                    <div class=\"wysiwyg-content\"  > \n\n\n\n                                                                \n\n                                \n                                                                \n                                                                        <div class=\"column-content text-start font-dark\">\n                                        <p><span class=\"TextRun SCXW20829132 BCX0\" lang=\"EN-US\" xml:lang=\"EN-US\" data-contrast=\"auto\"><span class=\"NormalTextRun SCXW20829132 BCX0\"><strong>60% is exported to 60 countries<\/strong> in the world, positioning Guatemala as an important exporter of sugar worldwide.<\/span><\/span><span class=\"EOP SCXW20829132 BCX0\" data-ccp-props=\"{&quot;335551550&quot;:6,&quot;335551620&quot;:6}\">\u00a0<\/span><\/p>\n\n                                        \n                                                                            <\/div>\n                                                                                        \n                                                              \n                            <\/div>\n                        \n\n\n\n                                                \n                    <\/div>\n                            <\/div>\n            <\/div>\n<\/section>\n\n\n<div class=\"wp-block-columns is-layout-flex wp-container-core-columns-is-layout-9d6595d7 wp-block-columns-is-layout-flex\">\n<div class=\"wp-block-column has-background is-layout-flow wp-block-column-is-layout-flow\" style=\"background-color:#d4e7f5\">\n\n<section  class=\"custom-block block-charts\">\n    <div class=\"container\">\n                \n        \n        <div class=\"charts-container\" data-charts=\"3\">\n                            <div class=\"chart-wrapper\">\n                    <canvas id=\"chartCanvas_chart-block-69d2449110d60_1\"\n                            data-type=\"doughnut\"\n                            data-chart='{\n                                \"labels\": [\"Sugar 80%\",\"\"],\n                                \"datasets\": [{\n                                    \"label\": \"\",\n                                    \"data\": [80,20],\n                                    \"backgroundColor\": [\"#19619a\",\"#ededed\"]\n                                }]\n                            }'>\n                    <\/canvas>\n\n                                    <\/div>\n                            <div class=\"chart-wrapper\">\n                    <canvas id=\"chartCanvas_chart-block-69d2449110d60_2\"\n                            data-type=\"doughnut\"\n                            data-chart='{\n                                \"labels\": [\"Ethanol 8%\",\"\"],\n                                \"datasets\": [{\n                                    \"label\": \"\",\n                                    \"data\": [92,8],\n                                    \"backgroundColor\": [\"#ededed\",\"#4bad0d\"]\n                                }]\n                            }'>\n                    <\/canvas>\n\n                                    <\/div>\n                            <div class=\"chart-wrapper\">\n                    <canvas id=\"chartCanvas_chart-block-69d2449110d60_3\"\n                            data-type=\"doughnut\"\n                            data-chart='{\n                                \"labels\": [\"Molasses 12%\",\"\"],\n                                \"datasets\": [{\n                                    \"label\": \"\",\n                                    \"data\": [87,12],\n                                    \"backgroundColor\": [\"#ededed\",\"#daa218\"]\n                                }]\n                            }'>\n                    <\/canvas>\n\n                                    <\/div>\n                    <\/div>\n\n                    <h5 class=\"chart-description text-center\"><p style=\"text-align: center;\">In 2025, sugar and its byproducts accounted for 7.3% of Guatemala\u2019s total exports.<\/p>\n<\/h5>\n            <\/div>\n<\/section>\n\n<script>\n    if (typeof chartsInstances === \"undefined\") {\n        var chartsInstances = {};\n    }\n\n    function waitForChartJs(callback) {\n        if (typeof Chart !== \"undefined\") {\n            callback();\n        } else {\n            setTimeout(() => waitForChartJs(callback), 100);\n        }\n    }\n\nfunction initChart(canvasId, chartData, chartType) {\n    const canvas = document.getElementById(canvasId);\n    if (!canvas) return;\n\n    const ctx = canvas.getContext(\"2d\");\n\n    \/\/ Ensure we always pass a valid chart type\n    const safeType = (chartType || canvas.getAttribute(\"data-type\") || \"bar\").toLowerCase();\n\n    const isMobile = window.matchMedia && window.matchMedia(\"(max-width: 767px)\").matches;\n    const isBar = safeType === \"bar\";\n\n\n    if (chartsInstances[canvasId]) {\n        chartsInstances[canvasId].destroy();\n    }\n\n        \/\/ If mobile + bar chart, we give each row more vertical space by increasing the wrapper height\n    \/\/ This makes labels + bars less cramped.\n    if (isMobile && isBar) {\n        const rows = Array.isArray(chartData?.labels) ? chartData.labels.length : 0;\n        const minHeight = 260;      \/\/ minimum chart area on mobile\n        const rowHeight = 34;       \/\/ \u2705 increase this to make each row taller on mobile\n        const padding = 80;         \/\/ extra breathing room for title\/axes\n        const dynamicHeight = Math.max(minHeight, (rows * rowHeight) + padding);\n\n        const wrapper = canvas.closest('.chart-wrapper');\n        if (wrapper) {\n            wrapper.style.height = dynamicHeight + 'px';\n        }\n    }\n\n\n    if(chartType.toLowerCase() === \"bar\" && window.matchMedia(\"(max-width: 767px)\").matches) {\n        varindexAxis = 'y';\n        varFontSize = '12' ;\n    }   else {\n        varindexAxis =  'x';\n        varFontSize = '18' ;\n    }\n        \n\n    chartsInstances[canvasId] = new Chart(ctx, {\n        type: chartType.toLowerCase(),\n        data: chartData,\n        options: {\n            responsive: true,\n            maintainAspectRatio: false,\n            indexAxis: varindexAxis,\n            plugins: {\n                legend: {\n                    display: chartType.toLowerCase() !== \"bar\",\n                    labels: {\n                        font: {\n                            size: varFontSize\n                        }\n                    }\n                },\n                tooltip: {\n                    bodyFont: {\n                        size: 28\n                    },\n                    callbacks: {\n                        title: function (tooltipItems) {\n                            return tooltipItems[0].label.split('\\n');\n                        }\n                    }\n                }\n            },\n            scales: [\"bar\", \"line\"].includes(chartType.toLowerCase()) ? {\n                x: {\n                    grid: {\n                        display: false \/\/ Oculta l\u00edneas de referencia en eje X\n                    },\n                    ticks: {\n                        font: {\n                            size: varFontSize\n                        },\n                    \/\/    callback: function(value) {\n                      \/\/      return this.getLabelForValue(value).split('\\n');\n                       \/\/ },\n                            callback: function (value) {\n                            const label = this.getLabelForValue(value);\n                            const maxCharsPerLine = 12; \/\/ \ud83d\udc48 adjust based on column width\n\n                            const words = label.split(' ');\n                            let lines = [];\n                            let currentLine = '';\n\n                            words.forEach(word => {\n                                if ((currentLine + word).length <= maxCharsPerLine) {\n                                    currentLine += (currentLine ? ' ' : '') + word;\n                                } else {\n                                    lines.push(currentLine);\n                                    currentLine = word;\n                                }\n                            });\n\n                            if (currentLine) {\n                                lines.push(currentLine);\n                            }\n\n                            return lines;\n                        }\n                    }\n                },\n                y: {\n                    grid: {\n                        display: false\n                    },\n                    ticks: {\n                        font: { size: varFontSize },\n                        autoSkip: false,       \n                        callback: function (value) {\n                            \/\/ only wrap when the bar is horizontal (mobile)\n                            if (varindexAxis === 'y') {\n                            const label = this.getLabelForValue(value);\n                            return wrapLabel(label, 20); \/\/ tweak 14\u201320\n                            }\n                            return value;\n                        }\n                    }\n                }\n            } : {} \n        }\n    });\n}\n\nfunction wrapLabel(label, maxCharsPerLine = 16) {\n  if (!label) return label;\n  const words = String(label).split(' ');\n  const lines = [];\n  let current = '';\n\n  words.forEach(word => {\n    const test = (current ? current + ' ' : '') + word;\n    if (test.length <= maxCharsPerLine) {\n      current = test;\n    } else {\n      if (current) lines.push(current);\n      current = word;\n    }\n  });\n\n  if (current) lines.push(current);\n  return lines;\n}\n    \n\n    function loadCharts() {\n        document.querySelectorAll(\"[id^='chartCanvas_']\").forEach(canvas => {\n            if (!canvas.dataset.loaded) {\n                canvas.dataset.loaded = \"true\"; \n\n                const chartType = canvas.getAttribute(\"data-type\");\n                const chartData = JSON.parse(canvas.getAttribute(\"data-chart\"));\n\n                waitForChartJs(() => initChart(canvas.id, chartData, chartType));\n            }\n        });\n    }\n\n    document.addEventListener(\"DOMContentLoaded\", () => {\n        waitForChartJs(loadCharts);\n    });\n\n    if (typeof observer === \"undefined\") {\n        var observer = new MutationObserver(mutations => {\n            mutations.forEach(mutation => {\n                mutation.addedNodes.forEach(node => {\n                    if (node.querySelector && node.querySelector(\"[id^='chartCanvas_']\")) {\n                        waitForChartJs(loadCharts);\n                    }\n                });\n            });\n        });\n\n        observer.observe(document.body, { childList: true, subtree: true });\n    }\n<\/script>\n\n\n<\/div>\n<\/div>\n","protected":false},"excerpt":{"rendered":"","protected":false},"author":1,"featured_media":10725,"parent":7340,"menu_order":0,"comment_status":"closed","ping_status":"closed","template":"","meta":{"_acf_changed":false,"inline_featured_image":false,"footnotes":""},"class_list":["post-7347","page","type-page","status-publish","has-post-thumbnail","hentry"],"acf":[],"yoast_head":"<!-- This site is optimized with the Yoast SEO plugin v26.7 - https:\/\/yoast.com\/wordpress\/plugins\/seo\/ -->\n<title>Sugar - GUATECA\u00d1A<\/title>\n<meta name=\"description\" content=\"Guatemala produce m\u00e1s de 2.6 millones de toneladas de az\u00facar, exportando el 60% a m\u00e1s de 50 pa\u00edses en todo el mundo.\" \/>\n<meta name=\"robots\" content=\"index, follow, max-snippet:-1, max-image-preview:large, max-video-preview:-1\" \/>\n<link rel=\"canonical\" href=\"https:\/\/www.guatecana.com\/en\/cane-products\/sugar\/\" \/>\n<script type=\"application\/ld+json\" class=\"yoast-schema-graph\">{\"@context\":\"https:\/\/schema.org\",\"@graph\":[{\"@type\":\"WebPage\",\"@id\":\"https:\/\/www.guatecana.com\/en\/cane-products\/sugar\/\",\"url\":\"https:\/\/www.guatecana.com\/en\/cane-products\/sugar\/\",\"name\":\"Sugar - GUATECA\u00d1A\",\"isPartOf\":{\"@id\":\"https:\/\/www.guatecana.com\/en\/#website\"},\"primaryImageOfPage\":{\"@id\":\"https:\/\/www.guatecana.com\/en\/cane-products\/sugar\/#primaryimage\"},\"image\":{\"@id\":\"https:\/\/www.guatecana.com\/en\/cane-products\/sugar\/#primaryimage\"},\"thumbnailUrl\":\"https:\/\/www.guatecana.com\/wp-content\/uploads\/2021\/07\/guatemala-tiene-una-de-las-terminales-para-el-embarque-de-azucar-mas-eficientes-del-mundo-2-min-png.avif\",\"datePublished\":\"2024-10-05T23:16:09+00:00\",\"dateModified\":\"2026-02-26T14:26:38+00:00\",\"description\":\"Guatemala produce m\u00e1s de 2.6 millones de toneladas de az\u00facar, exportando el 60% a m\u00e1s de 50 pa\u00edses en todo el mundo.\",\"breadcrumb\":{\"@id\":\"https:\/\/www.guatecana.com\/en\/cane-products\/sugar\/#breadcrumb\"},\"inLanguage\":\"en-US\",\"potentialAction\":[{\"@type\":\"ReadAction\",\"target\":[\"https:\/\/www.guatecana.com\/en\/cane-products\/sugar\/\"]}]},{\"@type\":\"ImageObject\",\"inLanguage\":\"en-US\",\"@id\":\"https:\/\/www.guatecana.com\/en\/cane-products\/sugar\/#primaryimage\",\"url\":\"https:\/\/www.guatecana.com\/wp-content\/uploads\/2021\/07\/guatemala-tiene-una-de-las-terminales-para-el-embarque-de-azucar-mas-eficientes-del-mundo-2-min-png.avif\",\"contentUrl\":\"https:\/\/www.guatecana.com\/wp-content\/uploads\/2021\/07\/guatemala-tiene-una-de-las-terminales-para-el-embarque-de-azucar-mas-eficientes-del-mundo-2-min-png.avif\",\"width\":1024,\"height\":573},{\"@type\":\"BreadcrumbList\",\"@id\":\"https:\/\/www.guatecana.com\/en\/cane-products\/sugar\/#breadcrumb\",\"itemListElement\":[{\"@type\":\"ListItem\",\"position\":1,\"name\":\"Portada\",\"item\":\"https:\/\/guatecana.com\/en\/\"},{\"@type\":\"ListItem\",\"position\":2,\"name\":\"Products of Cane\u00a0\",\"item\":\"https:\/\/guatecana.com\/en\/cane-products\/\"},{\"@type\":\"ListItem\",\"position\":3,\"name\":\"Sugar\"}]},{\"@type\":\"WebSite\",\"@id\":\"https:\/\/www.guatecana.com\/en\/#website\",\"url\":\"https:\/\/www.guatecana.com\/en\/\",\"name\":\"GUATECA\u00d1A\",\"description\":\"GUATECA\u00d1A\",\"publisher\":{\"@id\":\"https:\/\/www.guatecana.com\/en\/#organization\"},\"alternateName\":\"guatecana.com\",\"potentialAction\":[{\"@type\":\"SearchAction\",\"target\":{\"@type\":\"EntryPoint\",\"urlTemplate\":\"https:\/\/www.guatecana.com\/en\/?s={search_term_string}\"},\"query-input\":{\"@type\":\"PropertyValueSpecification\",\"valueRequired\":true,\"valueName\":\"search_term_string\"}}],\"inLanguage\":\"en-US\"},{\"@type\":\"Organization\",\"@id\":\"https:\/\/www.guatecana.com\/en\/#organization\",\"name\":\"GUATECA\u00d1A\",\"url\":\"https:\/\/www.guatecana.com\/en\/\",\"logo\":{\"@type\":\"ImageObject\",\"inLanguage\":\"en-US\",\"@id\":\"https:\/\/www.guatecana.com\/en\/#\/schema\/logo\/image\/\",\"url\":\"https:\/\/168.232.78.227\/wp-content\/uploads\/2024\/10\/logo.svg\",\"contentUrl\":\"https:\/\/168.232.78.227\/wp-content\/uploads\/2024\/10\/logo.svg\",\"width\":423,\"height\":79,\"caption\":\"GUATECA\u00d1A\"},\"image\":{\"@id\":\"https:\/\/www.guatecana.com\/en\/#\/schema\/logo\/image\/\"},\"sameAs\":[\"https:\/\/www.facebook.com\/guatecana.gt\/\",\"https:\/\/x.com\/AsazguaGT\"]}]}<\/script>\n<!-- \/ Yoast SEO plugin. -->","yoast_head_json":{"title":"Sugar - GUATECA\u00d1A","description":"Guatemala produce m\u00e1s de 2.6 millones de toneladas de az\u00facar, exportando el 60% a m\u00e1s de 50 pa\u00edses en todo el mundo.","robots":{"index":"index","follow":"follow","max-snippet":"max-snippet:-1","max-image-preview":"max-image-preview:large","max-video-preview":"max-video-preview:-1"},"canonical":"https:\/\/www.guatecana.com\/en\/cane-products\/sugar\/","schema":{"@context":"https:\/\/schema.org","@graph":[{"@type":"WebPage","@id":"https:\/\/www.guatecana.com\/en\/cane-products\/sugar\/","url":"https:\/\/www.guatecana.com\/en\/cane-products\/sugar\/","name":"Sugar - GUATECA\u00d1A","isPartOf":{"@id":"https:\/\/www.guatecana.com\/en\/#website"},"primaryImageOfPage":{"@id":"https:\/\/www.guatecana.com\/en\/cane-products\/sugar\/#primaryimage"},"image":{"@id":"https:\/\/www.guatecana.com\/en\/cane-products\/sugar\/#primaryimage"},"thumbnailUrl":"https:\/\/www.guatecana.com\/wp-content\/uploads\/2021\/07\/guatemala-tiene-una-de-las-terminales-para-el-embarque-de-azucar-mas-eficientes-del-mundo-2-min-png.avif","datePublished":"2024-10-05T23:16:09+00:00","dateModified":"2026-02-26T14:26:38+00:00","description":"Guatemala produce m\u00e1s de 2.6 millones de toneladas de az\u00facar, exportando el 60% a m\u00e1s de 50 pa\u00edses en todo el mundo.","breadcrumb":{"@id":"https:\/\/www.guatecana.com\/en\/cane-products\/sugar\/#breadcrumb"},"inLanguage":"en-US","potentialAction":[{"@type":"ReadAction","target":["https:\/\/www.guatecana.com\/en\/cane-products\/sugar\/"]}]},{"@type":"ImageObject","inLanguage":"en-US","@id":"https:\/\/www.guatecana.com\/en\/cane-products\/sugar\/#primaryimage","url":"https:\/\/www.guatecana.com\/wp-content\/uploads\/2021\/07\/guatemala-tiene-una-de-las-terminales-para-el-embarque-de-azucar-mas-eficientes-del-mundo-2-min-png.avif","contentUrl":"https:\/\/www.guatecana.com\/wp-content\/uploads\/2021\/07\/guatemala-tiene-una-de-las-terminales-para-el-embarque-de-azucar-mas-eficientes-del-mundo-2-min-png.avif","width":1024,"height":573},{"@type":"BreadcrumbList","@id":"https:\/\/www.guatecana.com\/en\/cane-products\/sugar\/#breadcrumb","itemListElement":[{"@type":"ListItem","position":1,"name":"Portada","item":"https:\/\/guatecana.com\/en\/"},{"@type":"ListItem","position":2,"name":"Products of Cane\u00a0","item":"https:\/\/guatecana.com\/en\/cane-products\/"},{"@type":"ListItem","position":3,"name":"Sugar"}]},{"@type":"WebSite","@id":"https:\/\/www.guatecana.com\/en\/#website","url":"https:\/\/www.guatecana.com\/en\/","name":"GUATECA\u00d1A","description":"GUATECA\u00d1A","publisher":{"@id":"https:\/\/www.guatecana.com\/en\/#organization"},"alternateName":"guatecana.com","potentialAction":[{"@type":"SearchAction","target":{"@type":"EntryPoint","urlTemplate":"https:\/\/www.guatecana.com\/en\/?s={search_term_string}"},"query-input":{"@type":"PropertyValueSpecification","valueRequired":true,"valueName":"search_term_string"}}],"inLanguage":"en-US"},{"@type":"Organization","@id":"https:\/\/www.guatecana.com\/en\/#organization","name":"GUATECA\u00d1A","url":"https:\/\/www.guatecana.com\/en\/","logo":{"@type":"ImageObject","inLanguage":"en-US","@id":"https:\/\/www.guatecana.com\/en\/#\/schema\/logo\/image\/","url":"https:\/\/168.232.78.227\/wp-content\/uploads\/2024\/10\/logo.svg","contentUrl":"https:\/\/168.232.78.227\/wp-content\/uploads\/2024\/10\/logo.svg","width":423,"height":79,"caption":"GUATECA\u00d1A"},"image":{"@id":"https:\/\/www.guatecana.com\/en\/#\/schema\/logo\/image\/"},"sameAs":["https:\/\/www.facebook.com\/guatecana.gt\/","https:\/\/x.com\/AsazguaGT"]}]}},"_links":{"self":[{"href":"https:\/\/www.guatecana.com\/en\/wp-json\/wp\/v2\/pages\/7347","targetHints":{"allow":["GET"]}}],"collection":[{"href":"https:\/\/www.guatecana.com\/en\/wp-json\/wp\/v2\/pages"}],"about":[{"href":"https:\/\/www.guatecana.com\/en\/wp-json\/wp\/v2\/types\/page"}],"author":[{"embeddable":true,"href":"https:\/\/www.guatecana.com\/en\/wp-json\/wp\/v2\/users\/1"}],"replies":[{"embeddable":true,"href":"https:\/\/www.guatecana.com\/en\/wp-json\/wp\/v2\/comments?post=7347"}],"version-history":[{"count":14,"href":"https:\/\/www.guatecana.com\/en\/wp-json\/wp\/v2\/pages\/7347\/revisions"}],"predecessor-version":[{"id":14206,"href":"https:\/\/www.guatecana.com\/en\/wp-json\/wp\/v2\/pages\/7347\/revisions\/14206"}],"up":[{"embeddable":true,"href":"https:\/\/www.guatecana.com\/en\/wp-json\/wp\/v2\/pages\/7340"}],"wp:featuredmedia":[{"embeddable":true,"href":"https:\/\/www.guatecana.com\/en\/wp-json\/wp\/v2\/media\/10725"}],"wp:attachment":[{"href":"https:\/\/www.guatecana.com\/en\/wp-json\/wp\/v2\/media?parent=7347"}],"curies":[{"name":"wp","href":"https:\/\/api.w.org\/{rel}","templated":true}]}}