{"id":7356,"date":"2024-10-05T17:16:49","date_gmt":"2024-10-05T23:16:49","guid":{"rendered":"https:\/\/guatecana.com.gt\/productos-de-la-cana\/melaza\/"},"modified":"2026-02-25T15:36:21","modified_gmt":"2026-02-25T21:36:21","slug":"molasses","status":"publish","type":"page","link":"https:\/\/www.guatecana.com\/en\/cane-products\/molasses\/","title":{"rendered":"Molasses"},"content":{"rendered":"\n    \n    \n\n\n  \n    \n\n\n\n    \n\n\n<section  class=\"custom-block block-hero-banner content-left content-half  font-large \" style=\"background-image: url(https:\/\/www.guatecana.com\/wp-content\/uploads\/2024\/10\/produccion-melaza-min.png); background-size: cover; background-position: center; \">\n\n\n    \n    <div class=\"  container  hero-container\">\n        <div class=\"row \">\n            <div class=\"col-md-12 py-5 left\">\n\n                                    <div class=\"hero-icon\">\n                        <img decoding=\"async\" src=\"https:\/\/www.guatecana.com\/wp-content\/uploads\/2024\/10\/melaza-1.svg\" alt=\"\">\n                    <\/div>                    \n                                \n\n                                    <h1 class=\"hero-title\">Molasses production <\/h1>\n                                \n                                    <div class=\"hero-content \">\n                        <p><span data-contrast=\"auto\">Molasses are a by-product obtained during the sugar manufacturing process. After extracting the juice from the cane and crystallizing the sugar, there are honeys rich in minerals such as iron, calcium and potassium, which are called molasses.<\/span><span data-ccp-props=\"{&quot;335551550&quot;:6,&quot;335551620&quot;:6}\">\u00a0<\/span><\/p>\n<p><span data-contrast=\"auto\">It is used in the food industry as a sweetener or ingredient in products such as breads, biscuits and sauces. It is also used in the manufacture of alcohol, in the production of biofuels and as a supplement in animal feed due to its high energy content.<\/span><span data-ccp-props=\"{&quot;335551550&quot;:6,&quot;335551620&quot;:6}\">\u00a0<\/span><\/p>\n\n                    <\/div>\n                                \n                            <\/div>\n\n\n            \n        <\/div>\n    <\/div>\n<\/section>\n\n\n\n    \n<section  class=\"custom-block block-image-and-text aa \" style=\"background-color: #084f88;  \">\n    <div class=\"container \">\n                    <!-- Stack layout: Image on top, Content below -->\n            <div class=\"row\">\n                <div class=\"col-12 text-center\">\n                    \n                    \n                    \n                                            <div class=\"content\">\n                            <p style=\"text-align: center;\"><strong><span style=\"color: #fff; font-size: 32px;\"><span class=\"TextRun SCXW90277237 BCX0\" lang=\"EN-US\" xml:lang=\"EN-US\" data-contrast=\"auto\"><span class=\"NormalTextRun SCXW90277237 BCX0\">The Sugar Cane Agroindustry produced <\/span><\/span><\/span><span style=\"color: #b9d613; font-size: 32px;\">\u00a0<span class=\"TextRun SCXW90277237 BCX0\" lang=\"EN-US\" xml:lang=\"EN-US\" data-contrast=\"auto\"><span class=\"NormalTextRun SCXW90277237 BCX0\">995,344 metric tons<\/span><\/span><\/span><span style=\"color: #fff; font-size: 32px;\"> <span class=\"TextRun SCXW90277237 BCX0\" lang=\"EN-US\" xml:lang=\"EN-US\" data-contrast=\"auto\"><span class=\"NormalTextRun SCXW90277237 BCX0\">of molasses in the Harvest 2024\/25.<\/span><\/span><\/span><\/strong><\/p>\n<p>&nbsp;<\/p>\n\n                        <\/div>\n                                                        <\/div>\n            <\/div>\n            <\/div>\n<\/section>\n\n\n\n    \n\n\n                    \n\n\n<section  class=\"custom-block block-basic-content-columns text-dark\" style=\"\">\n    \n    <div class=\"container\">\n                    <div class=\"row text-justify\">\n                \n                \n                                                                      \n                                \n                    <div class=\" mb-sm-2 col-md-6 \"> \n                                                \n                                                    <div class=\"wysiwyg-content\"  > \n\n\n\n                                                                \n\n                                \n                                                                \n                                                                        <div class=\"column-content text-justify font-dark\">\n                                        <h2><span class=\"TextRun MacChromeBold SCXW56022225 BCX0\" lang=\"EN-US\" xml:lang=\"EN-US\" data-contrast=\"auto\"><span class=\"NormalTextRun SCXW56022225 BCX0\">Use in alcohol production<\/span><\/span><span class=\"EOP SCXW56022225 BCX0\" data-ccp-props=\"{&quot;335551550&quot;:6,&quot;335551620&quot;:6}\">\u00a0<\/span><\/h2>\n<p><span class=\"TextRun SCXW128734534 BCX0\" lang=\"EN-US\" xml:lang=\"EN-US\" data-contrast=\"auto\"><span class=\"NormalTextRun SCXW128734534 BCX0\">In the sugar cane agroindustry molasses are also used to produce alcohol. Every year, mills produce up to 65 million gallons of alcohol. This process not only maximizes the value of molasses, but also contributes to the global economy.<\/span><\/span><span class=\"EOP SCXW128734534 BCX0\" data-ccp-props=\"{&quot;335551550&quot;:6,&quot;335551620&quot;:6}\">\u00a0<\/span><\/p>\n\n                                        \n                                                                            <\/div>\n                                                                                        \n                                                              \n                            <\/div>\n                        \n\n\n\n                                                \n                    <\/div>\n                \n                \n                                                                      \n                                \n                    <div class=\" mb-sm-2 col-md-6 \"> \n                                                    <div class=\"wrapper-image\">\n                                <img decoding=\"async\" src=\"https:\/\/www.guatecana.com\/wp-content\/uploads\/2024\/10\/produccion-alcohol-min.png\" alt=\"Producci\u00f3n de alcohol\" class=\"block-image\">\n                            <\/div>\n                                                \n                        \n\n\n\n                                                \n                    <\/div>\n                            <\/div>\n            <\/div>\n<\/section>\n\n\n\n    \n    \n\n                    \n\n\n<section  class=\"custom-block block-basic-content-columns text-dark\" style=\"background-color: #d6e5f1; \">\n    \n    <div class=\"container\">\n                    <div class=\"row text-justify\">\n                \n                \n                                                                      \n                                \n                    <div class=\" mb-sm-2 col-md-6 \"> \n                                                    <div class=\"wrapper-image\">\n                                <img decoding=\"async\" src=\"https:\/\/www.guatecana.com\/wp-content\/uploads\/2024\/12\/melazaexport.png\" alt=\"Exportaci\u00f3n de melaza\" class=\"block-image\">\n                            <\/div>\n                                                \n                        \n\n\n\n                                                \n                    <\/div>\n                \n                \n                                                                      \n                                \n                    <div class=\" mb-sm-2 col-md-6 \"> \n                                                \n                                                    <div class=\"wysiwyg-content\"  > \n\n\n\n                                                                \n\n                                \n                                                                \n                                                                        <div class=\"column-content text-justify font-dark\">\n                                        <h2 style=\"text-align: left;\"><span class=\"TextRun MacChromeBold SCXW90766353 BCX0\" lang=\"EN-US\" xml:lang=\"EN-US\" data-contrast=\"auto\"><span class=\"NormalTextRun SCXW90766353 BCX0\">Significant economic contribution<\/span><\/span><span class=\"EOP SCXW90766353 BCX0\" data-ccp-props=\"{&quot;335551550&quot;:6,&quot;335551620&quot;:6}\">\u00a0<\/span><\/h2>\n<p><span class=\"TextRun SCXW199114924 BCX0\" lang=\"EN-US\" xml:lang=\"EN-US\" data-contrast=\"auto\"><span class=\"NormalTextRun SCXW199114924 BCX0\">In 2025, molasses exports accounted for 12% of the total exports of Guatemala\u2019s Sugar Cane Agroindustry. This activity generated US$60 million in foreign exchange for the country, highlighting the economic importance of this by-product.<\/span><\/span><span class=\"EOP SCXW199114924 BCX0\" data-ccp-props=\"{&quot;335551550&quot;:6,&quot;335551620&quot;:6}\">\u00a0<\/span><\/p>\n\n                                        \n                                                                            <\/div>\n                                                                                        \n                                                              \n                            <\/div>\n                        \n\n\n\n                                                \n                    <\/div>\n                            <\/div>\n            <\/div>\n<\/section>\n\n\n\n    \n\n\n                    \n\n\n<section  class=\"custom-block block-basic-content-columns text-dark\" style=\"\">\n    \n    <div class=\"container\">\n                    <div class=\"row text-justify\">\n                \n                \n                                                                      \n                                \n                    <div class=\" mb-sm-2 col-md-6 \"> \n                                                \n                                                    <div class=\"wysiwyg-content\"  > \n\n\n\n                                                                \n\n                                \n                                                                \n                                                                        <div class=\"column-content text-justify font-dark\">\n                                        <h2 style=\"text-align: left;\"><span class=\"TextRun MacChromeBold SCXW162546371 BCX0\" lang=\"EN-US\" xml:lang=\"EN-US\" data-contrast=\"auto\"><span class=\"NormalTextRun SCXW162546371 BCX0\">Impact on the dairy industry<\/span><\/span><span class=\"EOP SCXW162546371 BCX0\" data-ccp-props=\"{&quot;335551550&quot;:6,&quot;335551620&quot;:6}\">\u00a0<\/span><\/h2>\n<p><span class=\"TextRun SCXW11745323 BCX0\" lang=\"EN-US\" xml:lang=\"EN-US\" data-contrast=\"auto\"><span class=\"NormalTextRun SCXW11745323 BCX0\">In Guatemala, molasses has <\/span><span class=\"NormalTextRun SCXW11745323 BCX0\">established<\/span><span class=\"NormalTextRun SCXW11745323 BCX0\"> itself as a valuable resource in the dairy industry. Its high energy content makes it an essential <\/span><span class=\"NormalTextRun SCXW11745323 BCX0\">component<\/span><span class=\"NormalTextRun SCXW11745323 BCX0\"> to <\/span><span class=\"NormalTextRun SCXW11745323 BCX0\">maintain<\/span><span class=\"NormalTextRun SCXW11745323 BCX0\"> the vitality and well-being of cows, <\/span><span class=\"NormalTextRun SCXW11745323 BCX0\">optimizing<\/span><span class=\"NormalTextRun SCXW11745323 BCX0\"> milk production.<\/span><\/span><span class=\"EOP SCXW11745323 BCX0\" data-ccp-props=\"{&quot;335551550&quot;:6,&quot;335551620&quot;:6}\">\u00a0<\/span><\/p>\n\n                                        \n                                                                                    <a href=\"https:\/\/www.youtube.com\/watch?v=UuO-ftML1vU\" target=\"_blank\" class=\"btn btn-secondary\">Learn more<\/a>\n                                                                            <\/div>\n                                                                                        \n                                                              \n                            <\/div>\n                        \n\n\n\n                                                \n                    <\/div>\n                \n                \n                                                                      \n                                \n                    <div class=\" mb-sm-2 col-md-6 \"> \n                                                \n                                                    <div class=\"wysiwyg-content\"  > \n\n\n\n                                                                \n\n                                \n                                                                \n                                                                        <div class=\"column-content text-justify font-dark\">\n                                        <p><iframe loading=\"lazy\" title=\"Melaza y su impacto en la industria lechera\" width=\"500\" height=\"281\" src=\"https:\/\/www.youtube.com\/embed\/UuO-ftML1vU?feature=oembed\" frameborder=\"0\" allow=\"accelerometer; autoplay; clipboard-write; encrypted-media; gyroscope; picture-in-picture; web-share\" referrerpolicy=\"strict-origin-when-cross-origin\" allowfullscreen><\/iframe><\/p>\n\n                                        \n                                                                            <\/div>\n                                                                                        \n                                                              \n                            <\/div>\n                        \n\n\n\n                                                \n                    <\/div>\n                            <\/div>\n            <\/div>\n<\/section>","protected":false},"excerpt":{"rendered":"","protected":false},"author":1,"featured_media":7113,"parent":7340,"menu_order":0,"comment_status":"closed","ping_status":"closed","template":"","meta":{"_acf_changed":false,"inline_featured_image":false,"footnotes":""},"class_list":["post-7356","page","type-page","status-publish","has-post-thumbnail","hentry"],"acf":[],"yoast_head":"<!-- This site is optimized with the Yoast SEO plugin v26.7 - https:\/\/yoast.com\/wordpress\/plugins\/seo\/ -->\n<title>Molasses - GUATECA\u00d1A<\/title>\n<meta name=\"description\" content=\"Guatemala produce melaza como subproducto del az\u00facar, exportada para su uso en la industria alimentaria, biocombustibles y fabricaci\u00f3n de alcohol.\" \/>\n<meta name=\"robots\" content=\"index, follow, max-snippet:-1, max-image-preview:large, max-video-preview:-1\" \/>\n<link rel=\"canonical\" href=\"https:\/\/www.guatecana.com\/en\/cane-products\/molasses\/\" \/>\n<script type=\"application\/ld+json\" class=\"yoast-schema-graph\">{\"@context\":\"https:\/\/schema.org\",\"@graph\":[{\"@type\":\"WebPage\",\"@id\":\"https:\/\/www.guatecana.com\/en\/cane-products\/molasses\/\",\"url\":\"https:\/\/www.guatecana.com\/en\/cane-products\/molasses\/\",\"name\":\"Molasses - GUATECA\u00d1A\",\"isPartOf\":{\"@id\":\"https:\/\/www.guatecana.com\/en\/#website\"},\"primaryImageOfPage\":{\"@id\":\"https:\/\/www.guatecana.com\/en\/cane-products\/molasses\/#primaryimage\"},\"image\":{\"@id\":\"https:\/\/www.guatecana.com\/en\/cane-products\/molasses\/#primaryimage\"},\"thumbnailUrl\":\"https:\/\/www.guatecana.com\/wp-content\/uploads\/2024\/10\/produccion-alcohol-min.png\",\"datePublished\":\"2024-10-05T23:16:49+00:00\",\"dateModified\":\"2026-02-25T21:36:21+00:00\",\"description\":\"Guatemala produce melaza como subproducto del az\u00facar, exportada para su uso en la industria alimentaria, biocombustibles y fabricaci\u00f3n de alcohol.\",\"breadcrumb\":{\"@id\":\"https:\/\/www.guatecana.com\/en\/cane-products\/molasses\/#breadcrumb\"},\"inLanguage\":\"en-US\",\"potentialAction\":[{\"@type\":\"ReadAction\",\"target\":[\"https:\/\/www.guatecana.com\/en\/cane-products\/molasses\/\"]}]},{\"@type\":\"ImageObject\",\"inLanguage\":\"en-US\",\"@id\":\"https:\/\/www.guatecana.com\/en\/cane-products\/molasses\/#primaryimage\",\"url\":\"https:\/\/www.guatecana.com\/wp-content\/uploads\/2024\/10\/produccion-alcohol-min.png\",\"contentUrl\":\"https:\/\/www.guatecana.com\/wp-content\/uploads\/2024\/10\/produccion-alcohol-min.png\",\"width\":618,\"height\":433,\"caption\":\"Producci\u00f3n de alcohol y melaza\"},{\"@type\":\"BreadcrumbList\",\"@id\":\"https:\/\/www.guatecana.com\/en\/cane-products\/molasses\/#breadcrumb\",\"itemListElement\":[{\"@type\":\"ListItem\",\"position\":1,\"name\":\"Portada\",\"item\":\"https:\/\/guatecana.com\/en\/\"},{\"@type\":\"ListItem\",\"position\":2,\"name\":\"Products of Cane\u00a0\",\"item\":\"https:\/\/guatecana.com\/en\/cane-products\/\"},{\"@type\":\"ListItem\",\"position\":3,\"name\":\"Molasses\"}]},{\"@type\":\"WebSite\",\"@id\":\"https:\/\/www.guatecana.com\/en\/#website\",\"url\":\"https:\/\/www.guatecana.com\/en\/\",\"name\":\"GUATECA\u00d1A\",\"description\":\"GUATECA\u00d1A\",\"publisher\":{\"@id\":\"https:\/\/www.guatecana.com\/en\/#organization\"},\"alternateName\":\"guatecana.com\",\"potentialAction\":[{\"@type\":\"SearchAction\",\"target\":{\"@type\":\"EntryPoint\",\"urlTemplate\":\"https:\/\/www.guatecana.com\/en\/?s={search_term_string}\"},\"query-input\":{\"@type\":\"PropertyValueSpecification\",\"valueRequired\":true,\"valueName\":\"search_term_string\"}}],\"inLanguage\":\"en-US\"},{\"@type\":\"Organization\",\"@id\":\"https:\/\/www.guatecana.com\/en\/#organization\",\"name\":\"GUATECA\u00d1A\",\"url\":\"https:\/\/www.guatecana.com\/en\/\",\"logo\":{\"@type\":\"ImageObject\",\"inLanguage\":\"en-US\",\"@id\":\"https:\/\/www.guatecana.com\/en\/#\/schema\/logo\/image\/\",\"url\":\"https:\/\/168.232.78.227\/wp-content\/uploads\/2024\/10\/logo.svg\",\"contentUrl\":\"https:\/\/168.232.78.227\/wp-content\/uploads\/2024\/10\/logo.svg\",\"width\":423,\"height\":79,\"caption\":\"GUATECA\u00d1A\"},\"image\":{\"@id\":\"https:\/\/www.guatecana.com\/en\/#\/schema\/logo\/image\/\"},\"sameAs\":[\"https:\/\/www.facebook.com\/guatecana.gt\/\",\"https:\/\/x.com\/AsazguaGT\"]}]}<\/script>\n<!-- \/ Yoast SEO plugin. -->","yoast_head_json":{"title":"Molasses - GUATECA\u00d1A","description":"Guatemala produce melaza como subproducto del az\u00facar, exportada para su uso en la industria alimentaria, biocombustibles y fabricaci\u00f3n de alcohol.","robots":{"index":"index","follow":"follow","max-snippet":"max-snippet:-1","max-image-preview":"max-image-preview:large","max-video-preview":"max-video-preview:-1"},"canonical":"https:\/\/www.guatecana.com\/en\/cane-products\/molasses\/","schema":{"@context":"https:\/\/schema.org","@graph":[{"@type":"WebPage","@id":"https:\/\/www.guatecana.com\/en\/cane-products\/molasses\/","url":"https:\/\/www.guatecana.com\/en\/cane-products\/molasses\/","name":"Molasses - GUATECA\u00d1A","isPartOf":{"@id":"https:\/\/www.guatecana.com\/en\/#website"},"primaryImageOfPage":{"@id":"https:\/\/www.guatecana.com\/en\/cane-products\/molasses\/#primaryimage"},"image":{"@id":"https:\/\/www.guatecana.com\/en\/cane-products\/molasses\/#primaryimage"},"thumbnailUrl":"https:\/\/www.guatecana.com\/wp-content\/uploads\/2024\/10\/produccion-alcohol-min.png","datePublished":"2024-10-05T23:16:49+00:00","dateModified":"2026-02-25T21:36:21+00:00","description":"Guatemala produce melaza como subproducto del az\u00facar, exportada para su uso en la industria alimentaria, biocombustibles y fabricaci\u00f3n de alcohol.","breadcrumb":{"@id":"https:\/\/www.guatecana.com\/en\/cane-products\/molasses\/#breadcrumb"},"inLanguage":"en-US","potentialAction":[{"@type":"ReadAction","target":["https:\/\/www.guatecana.com\/en\/cane-products\/molasses\/"]}]},{"@type":"ImageObject","inLanguage":"en-US","@id":"https:\/\/www.guatecana.com\/en\/cane-products\/molasses\/#primaryimage","url":"https:\/\/www.guatecana.com\/wp-content\/uploads\/2024\/10\/produccion-alcohol-min.png","contentUrl":"https:\/\/www.guatecana.com\/wp-content\/uploads\/2024\/10\/produccion-alcohol-min.png","width":618,"height":433,"caption":"Producci\u00f3n de alcohol y melaza"},{"@type":"BreadcrumbList","@id":"https:\/\/www.guatecana.com\/en\/cane-products\/molasses\/#breadcrumb","itemListElement":[{"@type":"ListItem","position":1,"name":"Portada","item":"https:\/\/guatecana.com\/en\/"},{"@type":"ListItem","position":2,"name":"Products of Cane\u00a0","item":"https:\/\/guatecana.com\/en\/cane-products\/"},{"@type":"ListItem","position":3,"name":"Molasses"}]},{"@type":"WebSite","@id":"https:\/\/www.guatecana.com\/en\/#website","url":"https:\/\/www.guatecana.com\/en\/","name":"GUATECA\u00d1A","description":"GUATECA\u00d1A","publisher":{"@id":"https:\/\/www.guatecana.com\/en\/#organization"},"alternateName":"guatecana.com","potentialAction":[{"@type":"SearchAction","target":{"@type":"EntryPoint","urlTemplate":"https:\/\/www.guatecana.com\/en\/?s={search_term_string}"},"query-input":{"@type":"PropertyValueSpecification","valueRequired":true,"valueName":"search_term_string"}}],"inLanguage":"en-US"},{"@type":"Organization","@id":"https:\/\/www.guatecana.com\/en\/#organization","name":"GUATECA\u00d1A","url":"https:\/\/www.guatecana.com\/en\/","logo":{"@type":"ImageObject","inLanguage":"en-US","@id":"https:\/\/www.guatecana.com\/en\/#\/schema\/logo\/image\/","url":"https:\/\/168.232.78.227\/wp-content\/uploads\/2024\/10\/logo.svg","contentUrl":"https:\/\/168.232.78.227\/wp-content\/uploads\/2024\/10\/logo.svg","width":423,"height":79,"caption":"GUATECA\u00d1A"},"image":{"@id":"https:\/\/www.guatecana.com\/en\/#\/schema\/logo\/image\/"},"sameAs":["https:\/\/www.facebook.com\/guatecana.gt\/","https:\/\/x.com\/AsazguaGT"]}]}},"_links":{"self":[{"href":"https:\/\/www.guatecana.com\/en\/wp-json\/wp\/v2\/pages\/7356","targetHints":{"allow":["GET"]}}],"collection":[{"href":"https:\/\/www.guatecana.com\/en\/wp-json\/wp\/v2\/pages"}],"about":[{"href":"https:\/\/www.guatecana.com\/en\/wp-json\/wp\/v2\/types\/page"}],"author":[{"embeddable":true,"href":"https:\/\/www.guatecana.com\/en\/wp-json\/wp\/v2\/users\/1"}],"replies":[{"embeddable":true,"href":"https:\/\/www.guatecana.com\/en\/wp-json\/wp\/v2\/comments?post=7356"}],"version-history":[{"count":5,"href":"https:\/\/www.guatecana.com\/en\/wp-json\/wp\/v2\/pages\/7356\/revisions"}],"predecessor-version":[{"id":14138,"href":"https:\/\/www.guatecana.com\/en\/wp-json\/wp\/v2\/pages\/7356\/revisions\/14138"}],"up":[{"embeddable":true,"href":"https:\/\/www.guatecana.com\/en\/wp-json\/wp\/v2\/pages\/7340"}],"wp:featuredmedia":[{"embeddable":true,"href":"https:\/\/www.guatecana.com\/en\/wp-json\/wp\/v2\/media\/7113"}],"wp:attachment":[{"href":"https:\/\/www.guatecana.com\/en\/wp-json\/wp\/v2\/media?parent=7356"}],"curies":[{"name":"wp","href":"https:\/\/api.w.org\/{rel}","templated":true}]}}