{"id":7456,"date":"2024-10-05T17:15:05","date_gmt":"2024-10-05T23:15:05","guid":{"rendered":"https:\/\/guatecana.com.gt\/?page_id=7456"},"modified":"2026-01-09T18:34:37","modified_gmt":"2026-01-10T00:34:37","slug":"women-of-cane-harvesting-opportunities","status":"publish","type":"page","link":"https:\/\/www.guatecana.com\/en\/sustainability\/women-of-cane-harvesting-opportunities\/","title":{"rendered":"Women of Cane: Harvesting opportunities"},"content":{"rendered":"\n    \n    \n\n\n  \n    \n\n\n\n    \n\n\n<section  class=\"custom-block block-hero-banner mujer-banner font-medium \" style=\"background-image: url(https:\/\/www.guatecana.com\/wp-content\/uploads\/2026\/01\/Participacion-de-la-mujer.webp); background-size: cover; background-position: center; \">\n\n\n        <style>\n        @media (max-width: 767px) {\n            .block-hero-banner {\n                background-image: url('https:\/\/www.guatecana.com\/wp-content\/uploads\/2026\/01\/Participacion-de-la-mujer-mobile.webp');\n            }\n        }\n    <\/style>\n    \n    <div class=\"  container  hero-container\">\n        <div class=\"row \">\n            <div class=\"col-md-12 py-5 text-start\">\n\n                                \n\n                                    <h1 class=\"hero-title\">Women of Cane: Harvesting <br> opportunities <\/h1>\n                                \n                                    <div class=\"hero-content \">\n                        <p><span class=\"TextRun SCXW135181381 BCX0\" lang=\"EN-US\" xml:lang=\"EN-US\" data-contrast=\"auto\"><span class=\"NormalTextRun SCXW135181381 BCX0\">The <\/span><\/span><span class=\"TextRun MacChromeBold SCXW135181381 BCX0\" lang=\"EN-US\" xml:lang=\"EN-US\" data-contrast=\"auto\"><span class=\"NormalTextRun SpellingErrorV2Themed SCXW135181381 BCX0\">Mujer<\/span><span class=\"NormalTextRun SCXW135181381 BCX0\"> de Ca\u00f1a<\/span><\/span><span class=\"TextRun SCXW135181381 BCX0\" lang=\"EN-US\" xml:lang=\"EN-US\" data-contrast=\"auto\"><span class=\"NormalTextRun SCXW135181381 BCX0\"> program <\/span><\/span><span class=\"TextRun MacChromeBold SCXW135181381 BCX0\" lang=\"EN-US\" xml:lang=\"EN-US\" data-contrast=\"auto\"><span class=\"NormalTextRun SCXW135181381 BCX0\">is intended to promote equal<br \/>\nopportunities <\/span><\/span><span class=\"TextRun SCXW135181381 BCX0\" lang=\"EN-US\" xml:lang=\"EN-US\" data-contrast=\"auto\"><span class=\"NormalTextRun SCXW135181381 BCX0\">for women in the sugar cane agroindustry,<br \/>\n<\/span><span class=\"NormalTextRun SCXW135181381 BCX0\">facilitating<\/span><span class=\"NormalTextRun SCXW135181381 BCX0\"> their <\/span><\/span><span class=\"TextRun MacChromeBold SCXW135181381 BCX0\" lang=\"EN-US\" xml:lang=\"EN-US\" data-contrast=\"auto\"><span class=\"NormalTextRun SCXW135181381 BCX0\">development <\/span><\/span><span class=\"TextRun SCXW135181381 BCX0\" lang=\"EN-US\" xml:lang=\"EN-US\" data-contrast=\"auto\"><span class=\"NormalTextRun SCXW135181381 BCX0\">through training and employment<br \/>\nopportunities that allow them to integrate and grow within the sector.<\/span><\/span><span class=\"EOP SCXW135181381 BCX0\" data-ccp-props=\"{&quot;335551550&quot;:6,&quot;335551620&quot;:6}\">\u00a0<\/span><\/p>\n\n                    <\/div>\n                                \n                            <\/div>\n\n\n            \n        <\/div>\n    <\/div>\n<\/section>\n\n \n    \n    \n<section  class=\"custom-block block-three-column column-border\"  style=\"background-image: url(https:\/\/www.guatecana.com\/wp-content\/uploads\/2024\/10\/Rectangle-23906.png); background-size: cover; background-position: center;\" >\n    \n    <div class=\"container-fluid\">\n        <div class=\"row\">\n            <div class=\"col\">\n                <h2 class=\"block-title\">Focus<\/h2>    \n            <\/div>\n        <\/div>\n        \n        \n        <div class=\"row \">        \n                  \n            <div class=\"col-12 col-md-4\">\n                    <div class=\"inner-wrapper text-center\">\n                                                <div class=\"block-image\">\n                                                            <img decoding=\"async\" src=\"https:\/\/www.guatecana.com\/wp-content\/uploads\/2024\/11\/Ellipse-1.png\" alt=\"\" class=\"img-fluid block-column-image\">\n                                                    \n                        <\/div>                        \n                                                                            <div class=\"block-column-content text-justify\">\n                                                                                                    \n                                    <h2 style=\"text-align: center; color: #084f88;\"><span class=\"TextRun MacChromeBold SCXW13702435 BCX0\" lang=\"EN-US\" xml:lang=\"EN-US\" data-contrast=\"auto\"><span class=\"NormalTextRun SCXW13702435 BCX0\">Recruitment<\/span><\/span><\/h2>\n<p><span class=\"TextRun SCXW13702435 BCX0\" lang=\"EN-US\" xml:lang=\"EN-US\" data-contrast=\"auto\"><span class=\"NormalTextRun SCXW13702435 BCX0\">The program <\/span><span class=\"NormalTextRun SCXW13702435 BCX0\">seeks<\/span><span class=\"NormalTextRun SCXW13702435 BCX0\"> to <\/span><\/span><strong><span class=\"TextRun MacChromeBold SCXW13702435 BCX0\" lang=\"EN-US\" xml:lang=\"EN-US\" data-contrast=\"auto\"><span class=\"NormalTextRun SCXW13702435 BCX0\">attract and train<\/span><\/span><\/strong><span class=\"TextRun SCXW13702435 BCX0\" lang=\"EN-US\" xml:lang=\"EN-US\" data-contrast=\"auto\"><span class=\"NormalTextRun SCXW13702435 BCX0\"> women interested in agroindustry, offering them key <\/span><span class=\"NormalTextRun SCXW13702435 BCX0\">skills<\/span><span class=\"NormalTextRun SCXW13702435 BCX0\"> and communicating the job opportunities available, as well as creating spaces to raise awareness about the importance of their participation in the sector.<\/span><\/span><\/p>\n\n                                                            <\/div>\n                                                        \n                        <\/div>                    \n                    <\/div>        \n                  \n            <div class=\"col-12 col-md-4\">\n                    <div class=\"inner-wrapper text-center\">\n                                                <div class=\"block-image\">\n                                                            <img decoding=\"async\" src=\"https:\/\/www.guatecana.com\/wp-content\/uploads\/2024\/11\/Ellipse-2.png\" alt=\"\" class=\"img-fluid block-column-image\">\n                                                    \n                        <\/div>                        \n                                                                            <div class=\"block-column-content text-justify\">\n                                                                                                    \n                                    <h2 style=\"text-align: center; color: #084f88;\"><span class=\"TextRun MacChromeBold SCXW180158285 BCX0\" lang=\"EN-US\" xml:lang=\"EN-US\" data-contrast=\"auto\"><span class=\"NormalTextRun SCXW180158285 BCX0\">Labor world<\/span><\/span><\/h2>\n<p><span class=\"TextRun SCXW180158285 BCX0\" lang=\"EN-US\" xml:lang=\"EN-US\" data-contrast=\"auto\"><span class=\"NormalTextRun SCXW180158285 BCX0\">It offers <\/span><\/span><strong><span class=\"TextRun MacChromeBold SCXW180158285 BCX0\" lang=\"EN-US\" xml:lang=\"EN-US\" data-contrast=\"auto\"><span class=\"NormalTextRun SCXW180158285 BCX0\">specialized technical training<\/span><\/span><\/strong><span class=\"TextRun SCXW180158285 BCX0\" lang=\"EN-US\" xml:lang=\"EN-US\" data-contrast=\"auto\"><span class=\"NormalTextRun SCXW180158285 BCX0\"> and transversal skills to women entering agroindustry. It also <\/span><span class=\"NormalTextRun SCXW180158285 BCX0\">establishes<\/span><span class=\"NormalTextRun SCXW180158285 BCX0\"> a <\/span><\/span><strong><span class=\"TextRun MacChromeBold SCXW180158285 BCX0\" lang=\"EN-US\" xml:lang=\"EN-US\" data-contrast=\"auto\"><span class=\"NormalTextRun SCXW180158285 BCX0\">support network<\/span><\/span><\/strong><span class=\"TextRun SCXW180158285 BCX0\" lang=\"EN-US\" xml:lang=\"EN-US\" data-contrast=\"auto\"><span class=\"NormalTextRun SCXW180158285 BCX0\"> with mentoring and skills development to boost their professional growth.<\/span><\/span><\/p>\n\n                                                            <\/div>\n                                                        \n                        <\/div>                    \n                    <\/div>        \n                  \n            <div class=\"col-12 col-md-4\">\n                    <div class=\"inner-wrapper text-center\">\n                                                <div class=\"block-image\">\n                                                            <img decoding=\"async\" src=\"https:\/\/www.guatecana.com\/wp-content\/uploads\/2024\/11\/Ellipse-3.png\" alt=\"\" class=\"img-fluid block-column-image\">\n                                                    \n                        <\/div>                        \n                                                                            <div class=\"block-column-content text-justify\">\n                                                                                                    \n                                    <h2 style=\"text-align: center; color: #084f88;\"><span class=\"TextRun MacChromeBold SCXW255118387 BCX0\" lang=\"EN-US\" xml:lang=\"EN-US\" data-contrast=\"auto\"><span class=\"NormalTextRun SCXW255118387 BCX0\">Comprehensive support platform<\/span><\/span><\/h2>\n<p><span class=\"TextRun SCXW255118387 BCX0\" lang=\"EN-US\" xml:lang=\"EN-US\" data-contrast=\"auto\"><span class=\"NormalTextRun SCXW255118387 BCX0\">This ensures that women can balance their family and work responsibilities by providing <\/span><\/span><strong><span class=\"TextRun MacChromeBold SCXW255118387 BCX0\" lang=\"EN-US\" xml:lang=\"EN-US\" data-contrast=\"auto\"><span class=\"NormalTextRun SCXW255118387 BCX0\">childcare and breastfeeding spaces<\/span><\/span><\/strong><span class=\"TextRun SCXW255118387 BCX0\" lang=\"EN-US\" xml:lang=\"EN-US\" data-contrast=\"auto\"><span class=\"NormalTextRun SCXW255118387 BCX0\">, <\/span><\/span><strong><span class=\"TextRun MacChromeBold SCXW255118387 BCX0\" lang=\"EN-US\" xml:lang=\"EN-US\" data-contrast=\"auto\"><span class=\"NormalTextRun SCXW255118387 BCX0\">personal empowerment <\/span><\/span><\/strong><span class=\"TextRun SCXW255118387 BCX0\" lang=\"EN-US\" xml:lang=\"EN-US\" data-contrast=\"auto\"><span class=\"NormalTextRun SCXW255118387 BCX0\">programs and activities for themselves and their children.<\/span><\/span><\/p>\n\n                                                            <\/div>\n                                                        \n                        <\/div>                    \n                    <\/div>        \n                    <\/div>\n    <\/div>\n<\/section>\n\n\n    \n    \n    \n\n                    \n\n\n<section  class=\"custom-block block-basic-content-columns two-columns text-dark\" style=\"background-image: url(https:\/\/www.guatecana.com\/wp-content\/uploads\/2024\/10\/fondo-rosa-min-e1728332024147.png); background-size: cover; background-position: center;\">\n    \n    <div class=\"container\">\n                    <div class=\"row text-justify\">\n                \n                \n                     \n                                                          \n                                                        \n                    <div class=\" col-md-5 mb-sm-2 \"> \n                                                    <div class=\"wrapper-image\">\n                                <img decoding=\"async\" src=\"https:\/\/www.guatecana.com\/wp-content\/uploads\/2024\/11\/Mask-group.png\" alt=\"Mujeres sonriendo\" class=\"block-image\">\n                            <\/div>\n                                                \n                        \n\n\n\n                                                \n                    <\/div>\n                \n                \n                     \n                                                         \n                                                        \n                    <div class=\" col-md-7 mb-sm-2 \"> \n                                                \n                                                    <div class=\"wysiwyg-content\"  > \n\n\n\n                                                                \n\n                                \n                                                                \n                                                                        <div class=\"column-content text-justify font-dark\">\n                                        <p style=\"font-size: 24px;\"><span class=\"NormalTextRun SCXW76195269 BCX0\">As part of this program, <strong>the Sugar Cane Agroindustry<\/strong> will develop a <\/span><\/span><span class=\"TextRun MacChromeBold SCXW76195269 BCX0\" lang=\"EN-US\" xml:lang=\"EN-US\" data-contrast=\"auto\"><span class=\"NormalTextRun SCXW76195269 BCX0\">Chapter on Equal Opportunities<\/span><\/span><span class=\"TextRun SCXW76195269 BCX0\" lang=\"EN-US\" xml:lang=\"EN-US\" data-contrast=\"auto\"><span class=\"NormalTextRun SCXW76195269 BCX0\"> in its labor policy and a <\/span><\/span><strong><span class=\"TextRun MacChromeBold SCXW76195269 BCX0\" lang=\"EN-US\" xml:lang=\"EN-US\" data-contrast=\"auto\"><span class=\"NormalTextRun SCXW76195269 BCX0\">Guide on the Incorporation of Women<\/span><\/span><\/strong><span class=\"TextRun SCXW76195269 BCX0\" lang=\"EN-US\" xml:lang=\"EN-US\" data-contrast=\"auto\"><span class=\"NormalTextRun SCXW76195269 BCX0\"> in the sector.<\/span><\/p>\n\n                                        \n                                                                            <\/div>\n                                                                                        \n                                                              \n                            <\/div>\n                        \n\n\n\n                                                \n                    <\/div>\n                            <\/div>\n            <\/div>\n<\/section>\n\n  <div class=\"video-block-container\">\n    <iframe loading=\"lazy\" title=\"Programa Mujer de Ca\u00f1a\" width=\"640\" height=\"360\" src=\"https:\/\/www.youtube.com\/embed\/eYED8GZxYAs?feature=oembed\" frameborder=\"0\" allow=\"accelerometer; autoplay; clipboard-write; encrypted-media; gyroscope; picture-in-picture; web-share\" referrerpolicy=\"strict-origin-when-cross-origin\" allowfullscreen><\/iframe>\n  <\/div>\n\n\n\n    \n\n<section  class=\"custom-block block-gallery bg-blue-light\">\n    <div class=\"container text-start\">\n                    <h2 class=\"block-title \">Gallery<\/h2>\n        \n                                \n                            <div class=\"row half-half mb-2\">\n                                            <div class=\"col-md-6\">\n                            <img decoding=\"async\" src=\"https:\/\/www.guatecana.com\/wp-content\/uploads\/2024\/11\/foto5.png\" alt=\"Mujer en tractor\" class=\"img-gallery\">\n                        <\/div>\n                                            <div class=\"col-md-6\">\n                            <img decoding=\"async\" src=\"https:\/\/www.guatecana.com\/wp-content\/uploads\/2024\/12\/Mujeres.png\" alt=\"\" class=\"img-gallery\">\n                        <\/div>\n                                            <div class=\"col-md-6\">\n                            <img decoding=\"async\" src=\"https:\/\/www.guatecana.com\/wp-content\/uploads\/2024\/12\/Mujer2.png\" alt=\"\" class=\"img-gallery\">\n                        <\/div>\n                                            <div class=\"col-md-6\">\n                            <img decoding=\"async\" src=\"https:\/\/www.guatecana.com\/wp-content\/uploads\/2024\/12\/mujer3.png\" alt=\"\" class=\"img-gallery\">\n                        <\/div>\n                                            <div class=\"col-md-6\">\n                            <img decoding=\"async\" src=\"https:\/\/www.guatecana.com\/wp-content\/uploads\/2024\/12\/mujer4.png\" alt=\"\" class=\"img-gallery\">\n                        <\/div>\n                                            <div class=\"col-md-6\">\n                            <img decoding=\"async\" src=\"https:\/\/www.guatecana.com\/wp-content\/uploads\/2024\/12\/mujer5.png\" alt=\"\" class=\"img-gallery\">\n                        <\/div>\n                                    <\/div>\n\n                                            \n                            <div class=\"row three-images mb-2\">\n                    <div class=\"col-md-7\">\n                                                    <img decoding=\"async\" src=\"https:\/\/www.guatecana.com\/wp-content\/uploads\/2024\/11\/fotomujeres1.png\" alt=\"Mujeres en tractor\" class=\"img-gallery\">\n                                            <\/div>\n                    <div class=\"col-md-5\">\n                                                    <img decoding=\"async\" src=\"https:\/\/www.guatecana.com\/wp-content\/uploads\/2024\/10\/galeria-guatecana4.jpg\" alt=\" #Guateca\u00f1a #ca\u00f1adeazucar #agroindustria #SomosGentedeCa\u00f1a #sostenibilidad #desarrollo #mujerdeca\u00f1a #gentedeca\u00f1a #mujertrabajadora\" class=\"img-gallery  mb-3  \">\n                                                    <img decoding=\"async\" src=\"https:\/\/www.guatecana.com\/wp-content\/uploads\/2024\/11\/foto2-2.png\" alt=\"Portada de memoria de labores 2023 con fotograf\u00eda de campo de ca\u00f1a de az\u00facar \" class=\"img-gallery  \">\n                                            <\/div>\n                <\/div>\n\n                                            \n                            <div class=\"row left-small mb-2\">\n                    <div class=\"col-md-5\">\n                                                    <img decoding=\"async\" src=\"https:\/\/www.guatecana.com\/wp-content\/uploads\/2024\/11\/foto3.jpg\" alt=\"Mujer cient\u00edfica\" class=\"img-gallery\">\n                                            <\/div>\n                    <div class=\"col-md-7\">\n                                                    <img decoding=\"async\" src=\"https:\/\/www.guatecana.com\/wp-content\/uploads\/2024\/11\/foto4.jpg\" alt=\"Foto de mujer sonriendo en campo de ca\u00f1a\" class=\"img-gallery\">\n                                            <\/div>\n                <\/div>\n\n                        <\/div>\n<\/section>","protected":false},"excerpt":{"rendered":"","protected":false},"author":1,"featured_media":7908,"parent":7324,"menu_order":0,"comment_status":"closed","ping_status":"closed","template":"","meta":{"_acf_changed":false,"inline_featured_image":false,"footnotes":""},"class_list":["post-7456","page","type-page","status-publish","has-post-thumbnail","hentry"],"acf":[],"yoast_head":"<!-- This site is optimized with the Yoast SEO plugin v26.7 - https:\/\/yoast.com\/wordpress\/plugins\/seo\/ -->\n<title>Women of Cane: Harvesting opportunities - GUATECA\u00d1A<\/title>\n<meta name=\"robots\" content=\"index, follow, max-snippet:-1, max-image-preview:large, max-video-preview:-1\" \/>\n<link rel=\"canonical\" href=\"https:\/\/www.guatecana.com\/en\/sustainability\/women-of-cane-harvesting-opportunities\/\" \/>\n<script type=\"application\/ld+json\" class=\"yoast-schema-graph\">{\"@context\":\"https:\/\/schema.org\",\"@graph\":[{\"@type\":\"WebPage\",\"@id\":\"https:\/\/www.guatecana.com\/en\/sustainability\/women-of-cane-harvesting-opportunities\/\",\"url\":\"https:\/\/www.guatecana.com\/en\/sustainability\/women-of-cane-harvesting-opportunities\/\",\"name\":\"Women of Cane: Harvesting opportunities - GUATECA\u00d1A\",\"isPartOf\":{\"@id\":\"https:\/\/www.guatecana.com\/en\/#website\"},\"primaryImageOfPage\":{\"@id\":\"https:\/\/www.guatecana.com\/en\/sustainability\/women-of-cane-harvesting-opportunities\/#primaryimage\"},\"image\":{\"@id\":\"https:\/\/www.guatecana.com\/en\/sustainability\/women-of-cane-harvesting-opportunities\/#primaryimage\"},\"thumbnailUrl\":\"https:\/\/www.guatecana.com\/wp-content\/uploads\/2024\/11\/condicionlaboral3.jpg\",\"datePublished\":\"2024-10-05T23:15:05+00:00\",\"dateModified\":\"2026-01-10T00:34:37+00:00\",\"breadcrumb\":{\"@id\":\"https:\/\/www.guatecana.com\/en\/sustainability\/women-of-cane-harvesting-opportunities\/#breadcrumb\"},\"inLanguage\":\"en-US\",\"potentialAction\":[{\"@type\":\"ReadAction\",\"target\":[\"https:\/\/www.guatecana.com\/en\/sustainability\/women-of-cane-harvesting-opportunities\/\"]}]},{\"@type\":\"ImageObject\",\"inLanguage\":\"en-US\",\"@id\":\"https:\/\/www.guatecana.com\/en\/sustainability\/women-of-cane-harvesting-opportunities\/#primaryimage\",\"url\":\"https:\/\/www.guatecana.com\/wp-content\/uploads\/2024\/11\/condicionlaboral3.jpg\",\"contentUrl\":\"https:\/\/www.guatecana.com\/wp-content\/uploads\/2024\/11\/condicionlaboral3.jpg\",\"width\":618,\"height\":433,\"caption\":\"Mujer trabajadora en la agroindustria de la ca\u00f1a de az\u00facar\"},{\"@type\":\"BreadcrumbList\",\"@id\":\"https:\/\/www.guatecana.com\/en\/sustainability\/women-of-cane-harvesting-opportunities\/#breadcrumb\",\"itemListElement\":[{\"@type\":\"ListItem\",\"position\":1,\"name\":\"Portada\",\"item\":\"https:\/\/guatecana.com\/en\/\"},{\"@type\":\"ListItem\",\"position\":2,\"name\":\"Sustainability\",\"item\":\"https:\/\/guatecana.com\/en\/sustainability\/\"},{\"@type\":\"ListItem\",\"position\":3,\"name\":\"Women of Cane: Harvesting opportunities\"}]},{\"@type\":\"WebSite\",\"@id\":\"https:\/\/www.guatecana.com\/en\/#website\",\"url\":\"https:\/\/www.guatecana.com\/en\/\",\"name\":\"GUATECA\u00d1A\",\"description\":\"GUATECA\u00d1A\",\"publisher\":{\"@id\":\"https:\/\/www.guatecana.com\/en\/#organization\"},\"alternateName\":\"guatecana.com\",\"potentialAction\":[{\"@type\":\"SearchAction\",\"target\":{\"@type\":\"EntryPoint\",\"urlTemplate\":\"https:\/\/www.guatecana.com\/en\/?s={search_term_string}\"},\"query-input\":{\"@type\":\"PropertyValueSpecification\",\"valueRequired\":true,\"valueName\":\"search_term_string\"}}],\"inLanguage\":\"en-US\"},{\"@type\":\"Organization\",\"@id\":\"https:\/\/www.guatecana.com\/en\/#organization\",\"name\":\"GUATECA\u00d1A\",\"url\":\"https:\/\/www.guatecana.com\/en\/\",\"logo\":{\"@type\":\"ImageObject\",\"inLanguage\":\"en-US\",\"@id\":\"https:\/\/www.guatecana.com\/en\/#\/schema\/logo\/image\/\",\"url\":\"https:\/\/168.232.78.227\/wp-content\/uploads\/2024\/10\/logo.svg\",\"contentUrl\":\"https:\/\/168.232.78.227\/wp-content\/uploads\/2024\/10\/logo.svg\",\"width\":423,\"height\":79,\"caption\":\"GUATECA\u00d1A\"},\"image\":{\"@id\":\"https:\/\/www.guatecana.com\/en\/#\/schema\/logo\/image\/\"},\"sameAs\":[\"https:\/\/www.facebook.com\/guatecana.gt\/\",\"https:\/\/x.com\/AsazguaGT\"]}]}<\/script>\n<!-- \/ Yoast SEO plugin. -->","yoast_head_json":{"title":"Women of Cane: Harvesting opportunities - GUATECA\u00d1A","robots":{"index":"index","follow":"follow","max-snippet":"max-snippet:-1","max-image-preview":"max-image-preview:large","max-video-preview":"max-video-preview:-1"},"canonical":"https:\/\/www.guatecana.com\/en\/sustainability\/women-of-cane-harvesting-opportunities\/","schema":{"@context":"https:\/\/schema.org","@graph":[{"@type":"WebPage","@id":"https:\/\/www.guatecana.com\/en\/sustainability\/women-of-cane-harvesting-opportunities\/","url":"https:\/\/www.guatecana.com\/en\/sustainability\/women-of-cane-harvesting-opportunities\/","name":"Women of Cane: Harvesting opportunities - GUATECA\u00d1A","isPartOf":{"@id":"https:\/\/www.guatecana.com\/en\/#website"},"primaryImageOfPage":{"@id":"https:\/\/www.guatecana.com\/en\/sustainability\/women-of-cane-harvesting-opportunities\/#primaryimage"},"image":{"@id":"https:\/\/www.guatecana.com\/en\/sustainability\/women-of-cane-harvesting-opportunities\/#primaryimage"},"thumbnailUrl":"https:\/\/www.guatecana.com\/wp-content\/uploads\/2024\/11\/condicionlaboral3.jpg","datePublished":"2024-10-05T23:15:05+00:00","dateModified":"2026-01-10T00:34:37+00:00","breadcrumb":{"@id":"https:\/\/www.guatecana.com\/en\/sustainability\/women-of-cane-harvesting-opportunities\/#breadcrumb"},"inLanguage":"en-US","potentialAction":[{"@type":"ReadAction","target":["https:\/\/www.guatecana.com\/en\/sustainability\/women-of-cane-harvesting-opportunities\/"]}]},{"@type":"ImageObject","inLanguage":"en-US","@id":"https:\/\/www.guatecana.com\/en\/sustainability\/women-of-cane-harvesting-opportunities\/#primaryimage","url":"https:\/\/www.guatecana.com\/wp-content\/uploads\/2024\/11\/condicionlaboral3.jpg","contentUrl":"https:\/\/www.guatecana.com\/wp-content\/uploads\/2024\/11\/condicionlaboral3.jpg","width":618,"height":433,"caption":"Mujer trabajadora en la agroindustria de la ca\u00f1a de az\u00facar"},{"@type":"BreadcrumbList","@id":"https:\/\/www.guatecana.com\/en\/sustainability\/women-of-cane-harvesting-opportunities\/#breadcrumb","itemListElement":[{"@type":"ListItem","position":1,"name":"Portada","item":"https:\/\/guatecana.com\/en\/"},{"@type":"ListItem","position":2,"name":"Sustainability","item":"https:\/\/guatecana.com\/en\/sustainability\/"},{"@type":"ListItem","position":3,"name":"Women of Cane: Harvesting opportunities"}]},{"@type":"WebSite","@id":"https:\/\/www.guatecana.com\/en\/#website","url":"https:\/\/www.guatecana.com\/en\/","name":"GUATECA\u00d1A","description":"GUATECA\u00d1A","publisher":{"@id":"https:\/\/www.guatecana.com\/en\/#organization"},"alternateName":"guatecana.com","potentialAction":[{"@type":"SearchAction","target":{"@type":"EntryPoint","urlTemplate":"https:\/\/www.guatecana.com\/en\/?s={search_term_string}"},"query-input":{"@type":"PropertyValueSpecification","valueRequired":true,"valueName":"search_term_string"}}],"inLanguage":"en-US"},{"@type":"Organization","@id":"https:\/\/www.guatecana.com\/en\/#organization","name":"GUATECA\u00d1A","url":"https:\/\/www.guatecana.com\/en\/","logo":{"@type":"ImageObject","inLanguage":"en-US","@id":"https:\/\/www.guatecana.com\/en\/#\/schema\/logo\/image\/","url":"https:\/\/168.232.78.227\/wp-content\/uploads\/2024\/10\/logo.svg","contentUrl":"https:\/\/168.232.78.227\/wp-content\/uploads\/2024\/10\/logo.svg","width":423,"height":79,"caption":"GUATECA\u00d1A"},"image":{"@id":"https:\/\/www.guatecana.com\/en\/#\/schema\/logo\/image\/"},"sameAs":["https:\/\/www.facebook.com\/guatecana.gt\/","https:\/\/x.com\/AsazguaGT"]}]}},"_links":{"self":[{"href":"https:\/\/www.guatecana.com\/en\/wp-json\/wp\/v2\/pages\/7456","targetHints":{"allow":["GET"]}}],"collection":[{"href":"https:\/\/www.guatecana.com\/en\/wp-json\/wp\/v2\/pages"}],"about":[{"href":"https:\/\/www.guatecana.com\/en\/wp-json\/wp\/v2\/types\/page"}],"author":[{"embeddable":true,"href":"https:\/\/www.guatecana.com\/en\/wp-json\/wp\/v2\/users\/1"}],"replies":[{"embeddable":true,"href":"https:\/\/www.guatecana.com\/en\/wp-json\/wp\/v2\/comments?post=7456"}],"version-history":[{"count":12,"href":"https:\/\/www.guatecana.com\/en\/wp-json\/wp\/v2\/pages\/7456\/revisions"}],"predecessor-version":[{"id":13975,"href":"https:\/\/www.guatecana.com\/en\/wp-json\/wp\/v2\/pages\/7456\/revisions\/13975"}],"up":[{"embeddable":true,"href":"https:\/\/www.guatecana.com\/en\/wp-json\/wp\/v2\/pages\/7324"}],"wp:featuredmedia":[{"embeddable":true,"href":"https:\/\/www.guatecana.com\/en\/wp-json\/wp\/v2\/media\/7908"}],"wp:attachment":[{"href":"https:\/\/www.guatecana.com\/en\/wp-json\/wp\/v2\/media?parent=7456"}],"curies":[{"name":"wp","href":"https:\/\/api.w.org\/{rel}","templated":true}]}}